{"id":9622,"date":"2021-02-26T14:06:54","date_gmt":"2021-02-26T14:06:59","guid":{"rendered":"https:\/\/likecork.com\/shop\/?post_type=product&#038;p=9622"},"modified":"2023-04-20T15:43:51","modified_gmt":"2023-04-20T15:43:51","slug":"appliques-rosace-cuivre","status":"publish","type":"product","link":"https:\/\/likecork.com\/shop\/produit\/appliques-rosace-cuivre\/?lang=fr","title":{"rendered":"Appliques Rosace &#8211; Cuivre"},"content":{"rendered":"<ul>\n<li id=\"u1865-9\"><strong><strong>Mat\u00e9reaux:\u00a0<\/strong><\/strong>fer + acrylique + cuivre + li\u00e8ge<\/li>\n<li id=\"u1865-14\"><strong>Dim.: <\/strong>moyen: \u1d1345cm x 7cm<\/li>\n<\/ul>\n<div class=\"grammarly-disable-indicator\"><\/div>\n","protected":false},"excerpt":{"rendered":"<p>Appliques murales ou plafonniers ronds, avec des d\u00e9coupes inspir\u00e9es de l&#8217;architecture de l&#8217;Algarve et du trottoir de la rue Maria Campina \u00e0 Loul\u00e9.Il utilise des mat\u00e9riaux traditionnels tels que le li\u00e8ge et le cuivre grav\u00e9 au laser avec un dessin traditionnel portugais \u00e9clair\u00e9 par un r\u00e9tro-\u00e9clairage.<\/p>\n","protected":false},"featured_media":9231,"template":"","meta":{"_mi_skip_tracking":false},"product_cat":[269],"product_tag":[291,293,287],"aioseo_notices":[],"_links":{"self":[{"href":"https:\/\/likecork.com\/shop\/wp-json\/wp\/v2\/product\/9622"}],"collection":[{"href":"https:\/\/likecork.com\/shop\/wp-json\/wp\/v2\/product"}],"about":[{"href":"https:\/\/likecork.com\/shop\/wp-json\/wp\/v2\/types\/product"}],"wp:featuredmedia":[{"embeddable":true,"href":"https:\/\/likecork.com\/shop\/wp-json\/wp\/v2\/media\/9231"}],"wp:attachment":[{"href":"https:\/\/likecork.com\/shop\/wp-json\/wp\/v2\/media?parent=9622"}],"wp:term":[{"taxonomy":"product_cat","embeddable":true,"href":"https:\/\/likecork.com\/shop\/wp-json\/wp\/v2\/product_cat?post=9622"},{"taxonomy":"product_tag","embeddable":true,"href":"https:\/\/likecork.com\/shop\/wp-json\/wp\/v2\/product_tag?post=9622"}],"curies":[{"name":"wp","href":"https:\/\/api.w.org\/{rel}","templated":true}]}}