{"id":9613,"date":"2021-02-26T13:31:12","date_gmt":"2021-02-26T13:31:19","guid":{"rendered":"https:\/\/likecork.com\/shop\/?post_type=product&#038;p=9613"},"modified":"2023-04-20T16:47:34","modified_gmt":"2023-04-20T16:47:34","slug":"apliques-rosacea-acrilico","status":"publish","type":"product","link":"https:\/\/likecork.com\/shop\/produto\/apliques-rosacea-acrilico\/?lang=pt-pt","title":{"rendered":"Apliques Ros\u00e1cea &#8211; Acr\u00edlico"},"content":{"rendered":"<ul>\n<li id=\"u1865-9\"><strong>Materiais:\u00a0<\/strong>ferro + acr\u00edlico + cobre + corti\u00e7a<\/li>\n<li id=\"u1865-14\"><strong>Dim.: <\/strong>pequeno: \u1d1335cm x7cm<\/li>\n<\/ul>\n<div class=\"grammarly-disable-indicator\"><\/div>\n","protected":false},"excerpt":{"rendered":"<p>Candeeiros de parede ou teto redondos, com recortes inspirados na arquitectura algarvia e na Cal\u00e7ada da Rua Maria Campina em Loul\u00e9.<br \/>\nUtiliza materiais como o cobre em simult\u00e2neo com acr\u00edlico que transmitem a luminesc\u00eancia dos desenhos, gravados por tecnologia laser.<\/p>\n","protected":false},"featured_media":9241,"template":"","meta":{"_mi_skip_tracking":false},"product_cat":[190],"product_tag":[193,191,192],"aioseo_notices":[],"_links":{"self":[{"href":"https:\/\/likecork.com\/shop\/wp-json\/wp\/v2\/product\/9613"}],"collection":[{"href":"https:\/\/likecork.com\/shop\/wp-json\/wp\/v2\/product"}],"about":[{"href":"https:\/\/likecork.com\/shop\/wp-json\/wp\/v2\/types\/product"}],"wp:featuredmedia":[{"embeddable":true,"href":"https:\/\/likecork.com\/shop\/wp-json\/wp\/v2\/media\/9241"}],"wp:attachment":[{"href":"https:\/\/likecork.com\/shop\/wp-json\/wp\/v2\/media?parent=9613"}],"wp:term":[{"taxonomy":"product_cat","embeddable":true,"href":"https:\/\/likecork.com\/shop\/wp-json\/wp\/v2\/product_cat?post=9613"},{"taxonomy":"product_tag","embeddable":true,"href":"https:\/\/likecork.com\/shop\/wp-json\/wp\/v2\/product_tag?post=9613"}],"curies":[{"name":"wp","href":"https:\/\/api.w.org\/{rel}","templated":true}]}}