{"id":9356,"date":"2019-08-29T14:49:47","date_gmt":"2019-08-29T14:49:48","guid":{"rendered":"https:\/\/likecork.com\/shop\/?post_type=product&#038;p=9356"},"modified":"2023-04-20T16:51:03","modified_gmt":"2023-04-20T16:51:03","slug":"tapetes-soltos","status":"publish","type":"product","link":"https:\/\/likecork.com\/shop\/produto\/tapetes-soltos\/?lang=pt-pt","title":{"rendered":"Tapetes Soltos"},"content":{"rendered":"<ul>\n<li id=\"u1865-9\"><strong>Materiais:&nbsp;<\/strong>aglomerado de corti\u00e7a + palma<\/li>\n<li id=\"u1865-14\"><strong>Dim.: <\/strong>7mmx90cmx30cm<\/li>\n<\/ul>\n<div class=\"grammarly-disable-indicator\"><\/div>\n<div class=\"grammarly-disable-indicator\"><\/div>\n","protected":false},"excerpt":{"rendered":"<p>Conjunto de tapetes formado por m\u00f3dulos de aglomerado de corti\u00e7a e palma.<br \/>Foram escolhidas diversas texturas de corti\u00e7a \u2013 parket, barriga e valpreto e v\u00e1rias t\u00e9cnicas de palma feitas pelas artes\u00e3s de Loul\u00e9 \u2013 malha, empreita e despenteado.<br \/>Podem ser usados individualmente ou em conjunto, deixando \u00e0 escolha a sua forma final.<\/p>\n<div class=\"grammarly-disable-indicator\"><\/div>\n<div class=\"grammarly-disable-indicator\"><\/div>\n","protected":false},"featured_media":9256,"template":"","meta":{"_mi_skip_tracking":false},"product_cat":[175],"product_tag":[193,191,192],"aioseo_notices":[],"_links":{"self":[{"href":"https:\/\/likecork.com\/shop\/wp-json\/wp\/v2\/product\/9356"}],"collection":[{"href":"https:\/\/likecork.com\/shop\/wp-json\/wp\/v2\/product"}],"about":[{"href":"https:\/\/likecork.com\/shop\/wp-json\/wp\/v2\/types\/product"}],"wp:featuredmedia":[{"embeddable":true,"href":"https:\/\/likecork.com\/shop\/wp-json\/wp\/v2\/media\/9256"}],"wp:attachment":[{"href":"https:\/\/likecork.com\/shop\/wp-json\/wp\/v2\/media?parent=9356"}],"wp:term":[{"taxonomy":"product_cat","embeddable":true,"href":"https:\/\/likecork.com\/shop\/wp-json\/wp\/v2\/product_cat?post=9356"},{"taxonomy":"product_tag","embeddable":true,"href":"https:\/\/likecork.com\/shop\/wp-json\/wp\/v2\/product_tag?post=9356"}],"curies":[{"name":"wp","href":"https:\/\/api.w.org\/{rel}","templated":true}]}}