{"id":9353,"date":"2019-08-29T14:49:47","date_gmt":"2019-08-29T14:49:48","guid":{"rendered":"https:\/\/likecork.com\/shop\/?post_type=product&#038;p=9353"},"modified":"2021-02-17T22:23:40","modified_gmt":"2021-02-17T22:23:40","slug":"tapis-en-vrac","status":"publish","type":"product","link":"https:\/\/likecork.com\/shop\/produit\/tapis-en-vrac\/?lang=fr","title":{"rendered":"Tapis en vrac"},"content":{"rendered":"<ul>\n<li id=\"u1865-9\"><strong><strong>Mat\u00e9reaux:\u00a0<\/strong><\/strong>agglom\u00e9r\u00e9 de li\u00e8ge + feuille de palmier<\/li>\n<li id=\"u1865-14\"><strong>Dim.: <\/strong>7mmx90cmx30cm<\/li>\n<\/ul>\n<div class=\"grammarly-disable-indicator\"><\/div>\n<div class=\"grammarly-disable-indicator\"><\/div>\n","protected":false},"excerpt":{"rendered":"<p>Ensemble de tapis compos\u00e9 de modules en agglom\u00e9r\u00e9 de li\u00e8ge et en copeaux de fibres v\u00e9g\u00e9tales (feuille de palmier). O\u00f9 ont \u00e9t\u00e9 choisis diverses textures de li\u00e8ge &#8211; parket, ventre et valpreto et diverses techniques pour le travail des feuilles de palmiers \u00e9labor\u00e9es par les \u201cempreiteiras\u201d nom donn\u00e9 aux artisans qui travaillent ses diff\u00e9rentes techniques &#8211; maillage, tressage et d\u00e9coiff\u00e9.Ils peuvent \u00eatre achet\u00e9s individuellement ou par lots, laissant au client le choix de sa forme finale.<\/p>\n<div class=\"grammarly-disable-indicator\"><\/div>\n<div class=\"grammarly-disable-indicator\"><\/div>\n","protected":false},"featured_media":9255,"template":"","meta":{"_mi_skip_tracking":false},"product_cat":[335],"product_tag":[291,293,287],"aioseo_notices":[],"_links":{"self":[{"href":"https:\/\/likecork.com\/shop\/wp-json\/wp\/v2\/product\/9353"}],"collection":[{"href":"https:\/\/likecork.com\/shop\/wp-json\/wp\/v2\/product"}],"about":[{"href":"https:\/\/likecork.com\/shop\/wp-json\/wp\/v2\/types\/product"}],"wp:featuredmedia":[{"embeddable":true,"href":"https:\/\/likecork.com\/shop\/wp-json\/wp\/v2\/media\/9255"}],"wp:attachment":[{"href":"https:\/\/likecork.com\/shop\/wp-json\/wp\/v2\/media?parent=9353"}],"wp:term":[{"taxonomy":"product_cat","embeddable":true,"href":"https:\/\/likecork.com\/shop\/wp-json\/wp\/v2\/product_cat?post=9353"},{"taxonomy":"product_tag","embeddable":true,"href":"https:\/\/likecork.com\/shop\/wp-json\/wp\/v2\/product_tag?post=9353"}],"curies":[{"name":"wp","href":"https:\/\/api.w.org\/{rel}","templated":true}]}}