{"id":9340,"date":"2019-08-28T13:22:32","date_gmt":"2019-08-28T13:22:33","guid":{"rendered":"https:\/\/likecork.com\/shop\/?post_type=product&#038;p=9340"},"modified":"2021-02-19T15:07:02","modified_gmt":"2021-02-19T15:07:02","slug":"meubles-loule","status":"publish","type":"product","link":"https:\/\/likecork.com\/shop\/produit\/meubles-loule\/?lang=fr","title":{"rendered":"Meubles Loul\u00e9"},"content":{"rendered":"<ul>\n<li id=\"u1865-9\"><strong><strong>Mat\u00e9reaux:\u00a0<\/strong><\/strong>acier inoxydable bross\u00e9 + MDF laqu\u00e9 + li\u00e8ge<\/li>\n<li id=\"u1865-14\"><strong>Dim.: grand:\u00a0<\/strong>88cmx30cmx40cm | <strong>petite:<\/strong> 43cmx30cmx40cm<\/li>\n<\/ul>\n<div class=\"grammarly-disable-indicator\"><\/div>\n","protected":false},"excerpt":{"rendered":"<p>Petit meuble buffet ou table de chevet, avec une structure en li\u00e8ge et un tiroir laqu\u00e9 avec d\u00e9coupe du dessin de la &#8220;Rua Maria Campina \u00e0 Loul\u00e9&#8221;, avec un panier en fibres v\u00e9g\u00e9tales (feuille de palmier) selon une technique ancestrale et typique de la r\u00e9gion de tressage ou maille, du Algarve.<\/p>\n","protected":false},"featured_media":9216,"template":"","meta":{"_mi_skip_tracking":false},"product_cat":[274],"product_tag":[291,293,287],"aioseo_notices":[],"_links":{"self":[{"href":"https:\/\/likecork.com\/shop\/wp-json\/wp\/v2\/product\/9340"}],"collection":[{"href":"https:\/\/likecork.com\/shop\/wp-json\/wp\/v2\/product"}],"about":[{"href":"https:\/\/likecork.com\/shop\/wp-json\/wp\/v2\/types\/product"}],"wp:featuredmedia":[{"embeddable":true,"href":"https:\/\/likecork.com\/shop\/wp-json\/wp\/v2\/media\/9216"}],"wp:attachment":[{"href":"https:\/\/likecork.com\/shop\/wp-json\/wp\/v2\/media?parent=9340"}],"wp:term":[{"taxonomy":"product_cat","embeddable":true,"href":"https:\/\/likecork.com\/shop\/wp-json\/wp\/v2\/product_cat?post=9340"},{"taxonomy":"product_tag","embeddable":true,"href":"https:\/\/likecork.com\/shop\/wp-json\/wp\/v2\/product_tag?post=9340"}],"curies":[{"name":"wp","href":"https:\/\/api.w.org\/{rel}","templated":true}]}}