{"id":9327,"date":"2019-08-28T13:13:28","date_gmt":"2019-08-28T13:13:30","guid":{"rendered":"https:\/\/likecork.com\/shop\/?post_type=product&#038;p=9327"},"modified":"2021-02-19T15:08:08","modified_gmt":"2021-02-19T15:08:08","slug":"vases-en-macrame","status":"publish","type":"product","link":"https:\/\/likecork.com\/shop\/produit\/vases-en-macrame\/?lang=fr","title":{"rendered":"Vases en Macram\u00e9"},"content":{"rendered":"<ul>\n<li id=\"u1865-9\"><strong><strong>Mat\u00e9reaux:\u00a0<\/strong><\/strong>agglom\u00e9r\u00e9 en li\u00e8ge + corde en coton macram\u00e9<\/li>\n<li id=\"u1865-14\"><strong>Dim.: <\/strong>grand:\u1d1318cmx14cm | petite: \u1d1315cmx11cm<\/li>\n<\/ul>\n<div class=\"grammarly-disable-indicator\"><\/div>\n","protected":false},"excerpt":{"rendered":"<p>Le li\u00e8ge est un mat\u00e9riau pr\u00e9cieux en raison de ses capacit\u00e9s \u00e9cologiques. Il est 100% \u00e9cologique, contribuant \u00e0 sa pr\u00e9servation. Donc, l&#8217;utiliser comme un pot que garde l&#8217;humidit\u00e9 et la temp\u00e9rature du sol c\u00b4est un excellent choix pour un petit jardin suspendu.<\/p>\n","protected":false},"featured_media":9213,"template":"","meta":{"_mi_skip_tracking":false},"product_cat":[274],"product_tag":[291,293,287],"aioseo_notices":[],"_links":{"self":[{"href":"https:\/\/likecork.com\/shop\/wp-json\/wp\/v2\/product\/9327"}],"collection":[{"href":"https:\/\/likecork.com\/shop\/wp-json\/wp\/v2\/product"}],"about":[{"href":"https:\/\/likecork.com\/shop\/wp-json\/wp\/v2\/types\/product"}],"wp:featuredmedia":[{"embeddable":true,"href":"https:\/\/likecork.com\/shop\/wp-json\/wp\/v2\/media\/9213"}],"wp:attachment":[{"href":"https:\/\/likecork.com\/shop\/wp-json\/wp\/v2\/media?parent=9327"}],"wp:term":[{"taxonomy":"product_cat","embeddable":true,"href":"https:\/\/likecork.com\/shop\/wp-json\/wp\/v2\/product_cat?post=9327"},{"taxonomy":"product_tag","embeddable":true,"href":"https:\/\/likecork.com\/shop\/wp-json\/wp\/v2\/product_tag?post=9327"}],"curies":[{"name":"wp","href":"https:\/\/api.w.org\/{rel}","templated":true}]}}