{"id":9297,"date":"2019-08-28T12:43:48","date_gmt":"2019-08-28T12:43:49","guid":{"rendered":"https:\/\/likecork.com\/shop\/?post_type=product&#038;p=9297"},"modified":"2023-04-19T13:21:48","modified_gmt":"2023-04-19T13:21:48","slug":"lampes-cucharros","status":"publish","type":"product","link":"https:\/\/likecork.com\/shop\/produit\/lampes-cucharros\/?lang=fr","title":{"rendered":"lampes cucharros"},"content":{"rendered":"<ul>\n<li id=\"u1865-9\"><strong><strong>Mat\u00e9reaux:\u00a0<\/strong><\/strong>coivre<\/li>\n<li id=\"u1865-14\"><strong>Dim.:<\/strong> avec rabat: 33cmx30cmx55cm | regular: 25cm x32cmx44cm<\/li>\n<\/ul>\n<div class=\"grammarly-disable-indicator\"><\/div>\n","protected":false},"excerpt":{"rendered":"<p>Plafonniers en cuivre martel\u00e9, inspir\u00e9s des formes des cucharros. Le cucharro c\u00b4est comme une grande cuill\u00e8re en liege qui est retir\u00e9e du n\u0153ud du tronc du ch\u00eane liege, que les cucharros servait dans le temps \u00e0 boire de l&#8217;eau directement \u00e0 la source.<\/p>\n","protected":false},"featured_media":9204,"template":"","meta":{"_mi_skip_tracking":false},"product_cat":[269],"product_tag":[291,293,287],"aioseo_notices":[],"_links":{"self":[{"href":"https:\/\/likecork.com\/shop\/wp-json\/wp\/v2\/product\/9297"}],"collection":[{"href":"https:\/\/likecork.com\/shop\/wp-json\/wp\/v2\/product"}],"about":[{"href":"https:\/\/likecork.com\/shop\/wp-json\/wp\/v2\/types\/product"}],"wp:featuredmedia":[{"embeddable":true,"href":"https:\/\/likecork.com\/shop\/wp-json\/wp\/v2\/media\/9204"}],"wp:attachment":[{"href":"https:\/\/likecork.com\/shop\/wp-json\/wp\/v2\/media?parent=9297"}],"wp:term":[{"taxonomy":"product_cat","embeddable":true,"href":"https:\/\/likecork.com\/shop\/wp-json\/wp\/v2\/product_cat?post=9297"},{"taxonomy":"product_tag","embeddable":true,"href":"https:\/\/likecork.com\/shop\/wp-json\/wp\/v2\/product_tag?post=9297"}],"curies":[{"name":"wp","href":"https:\/\/api.w.org\/{rel}","templated":true}]}}