{"id":8983,"date":"2018-12-01T22:14:17","date_gmt":"2018-12-01T22:14:18","guid":{"rendered":"https:\/\/likecork.com\/shop\/?post_type=product&#038;p=8983"},"modified":"2018-12-03T21:28:04","modified_gmt":"2018-12-03T21:28:04","slug":"miroir-gavelon","status":"publish","type":"product","link":"https:\/\/likecork.com\/shop\/produit\/miroir-gavelon\/?lang=fr","title":{"rendered":"Miroir Gavelon"},"content":{"rendered":"<ul>\n<li id=\"u1865-9\"><strong><strong>Mat\u00e9riaux:\u00a0<\/strong><\/strong>Agglom\u00e9r\u00e9 de li\u00e8ge Valcromat + tapis interne en ch\u00eane de li\u00e8ge.<\/li>\n<li id=\"u1865-14\"><strong>Dim.: <\/strong>Miroir: 29cmx80cmx3cm<\/li>\n<li id=\"u1865-17\"><strong>Variants:\u00a0<\/strong>Valcromat noir, rouge ou orange<\/li>\n<\/ul>\n<div class=\"grammarly-disable-indicator\">\n<p id=\"u3984-22\">\n<\/div>\n<div class=\"grammarly-disable-indicator\"><\/div>\n<div class=\"grammarly-disable-indicator\"><\/div>\n<div class=\"grammarly-disable-indicator\"><\/div>\n<div class=\"grammarly-disable-indicator\"><\/div>\n<div class=\"grammarly-disable-indicator\"><\/div>\n<div class=\"grammarly-disable-indicator\"><\/div>\n<div class=\"grammarly-disable-indicator\"><\/div>\n<div class=\"grammarly-disable-indicator\"><\/div>\n<div class=\"grammarly-disable-indicator\"><\/div>\n<div class=\"grammarly-disable-indicator\"><\/div>\n<div class=\"grammarly-disable-indicator\"><\/div>\n","protected":false},"excerpt":{"rendered":"<p>Miroir aux lignes droites, cr\u00e9ant un effet de cadre rectangulaire.<\/p>\n<div class=\"grammarly-disable-indicator\"><\/div>\n<div class=\"grammarly-disable-indicator\"><\/div>\n","protected":false},"featured_media":7888,"template":"","meta":{"_mi_skip_tracking":false},"product_cat":[335],"product_tag":[287,301],"aioseo_notices":[],"_links":{"self":[{"href":"https:\/\/likecork.com\/shop\/wp-json\/wp\/v2\/product\/8983"}],"collection":[{"href":"https:\/\/likecork.com\/shop\/wp-json\/wp\/v2\/product"}],"about":[{"href":"https:\/\/likecork.com\/shop\/wp-json\/wp\/v2\/types\/product"}],"wp:featuredmedia":[{"embeddable":true,"href":"https:\/\/likecork.com\/shop\/wp-json\/wp\/v2\/media\/7888"}],"wp:attachment":[{"href":"https:\/\/likecork.com\/shop\/wp-json\/wp\/v2\/media?parent=8983"}],"wp:term":[{"taxonomy":"product_cat","embeddable":true,"href":"https:\/\/likecork.com\/shop\/wp-json\/wp\/v2\/product_cat?post=8983"},{"taxonomy":"product_tag","embeddable":true,"href":"https:\/\/likecork.com\/shop\/wp-json\/wp\/v2\/product_tag?post=8983"}],"curies":[{"name":"wp","href":"https:\/\/api.w.org\/{rel}","templated":true}]}}