{"id":8918,"date":"2018-10-25T15:25:54","date_gmt":"2018-10-25T15:25:54","guid":{"rendered":"https:\/\/likecork.com\/shop\/product\/coup-algarvia\/"},"modified":"2018-10-25T15:25:54","modified_gmt":"2018-10-25T15:25:54","slug":"coup-algarvia","status":"publish","type":"product","link":"https:\/\/likecork.com\/shop\/produit\/coup-algarvia\/?lang=fr","title":{"rendered":"Coup Algarvia"},"content":{"rendered":"<ul>\n<li id=\"u1865-9\"><strong>Materials: <\/strong>Faiance vitr\u00e9e+ base en li\u00e8ge agglom\u00e9r\u00e9<\/li>\n<li id=\"u1865-14\"><strong>Dim.:\u00a0<\/strong>\u1d1328x13cm<\/li>\n<li id=\"u1865-17\"><strong>Coleur: <\/strong>noir ou blanc<\/li>\n<\/ul>\n","protected":false},"excerpt":{"rendered":"<div class=\"oSioSc\">\n<div id=\"tw-target\">\n<div id=\"tw-target-text-container\" class=\"gsrt tw-ta-container tw-nfl\">\n<p id=\"tw-target-text\" class=\"tw-data-text tw-ta tw-text-small\" dir=\"ltr\" data-placeholder=\"Tradu\u00e7\u00e3o\"><span lang=\"fr\">Une base en agglom\u00e9r\u00e9 de ch\u00eane-li\u00e8ge et une pi\u00e8ce d&#8217;argile \u00e9maill\u00e9e orn\u00e9e de d\u00e9coupes. Celles-ci sont inspir\u00e9es par les formes des chemin\u00e9es d&#8217;Algarve.<\/span><\/p>\n<\/div>\n<\/div>\n<\/div>\n<div class=\"grammarly-disable-indicator\"><\/div>\n<div class=\"grammarly-disable-indicator\"><\/div>\n<div class=\"grammarly-disable-indicator\"><\/div>\n<div class=\"grammarly-disable-indicator\"><\/div>\n<div class=\"grammarly-disable-indicator\"><\/div>\n<div class=\"grammarly-disable-indicator\"><\/div>\n<div class=\"grammarly-disable-indicator\"><\/div>\n<div class=\"grammarly-disable-indicator\"><\/div>\n<div class=\"grammarly-disable-indicator\"><\/div>\n<div class=\"grammarly-disable-indicator\"><\/div>\n<div class=\"grammarly-disable-indicator\"><\/div>\n<div class=\"grammarly-disable-indicator\"><\/div>\n","protected":false},"featured_media":8923,"template":"","meta":{"_mi_skip_tracking":false},"product_cat":[274],"product_tag":[291,305,287],"aioseo_notices":[],"_links":{"self":[{"href":"https:\/\/likecork.com\/shop\/wp-json\/wp\/v2\/product\/8918"}],"collection":[{"href":"https:\/\/likecork.com\/shop\/wp-json\/wp\/v2\/product"}],"about":[{"href":"https:\/\/likecork.com\/shop\/wp-json\/wp\/v2\/types\/product"}],"wp:featuredmedia":[{"embeddable":true,"href":"https:\/\/likecork.com\/shop\/wp-json\/wp\/v2\/media\/8923"}],"wp:attachment":[{"href":"https:\/\/likecork.com\/shop\/wp-json\/wp\/v2\/media?parent=8918"}],"wp:term":[{"taxonomy":"product_cat","embeddable":true,"href":"https:\/\/likecork.com\/shop\/wp-json\/wp\/v2\/product_cat?post=8918"},{"taxonomy":"product_tag","embeddable":true,"href":"https:\/\/likecork.com\/shop\/wp-json\/wp\/v2\/product_tag?post=8918"}],"curies":[{"name":"wp","href":"https:\/\/api.w.org\/{rel}","templated":true}]}}