{"id":8446,"date":"2018-11-22T16:19:02","date_gmt":"2018-11-22T16:19:02","guid":{"rendered":"https:\/\/likecork.com\/shop\/?post_type=product&#038;p=8446"},"modified":"2023-04-20T17:05:05","modified_gmt":"2023-04-20T17:05:05","slug":"candeeiro-algarvio-de-chao","status":"publish","type":"product","link":"https:\/\/likecork.com\/shop\/produto\/candeeiro-algarvio-de-chao\/?lang=pt-pt","title":{"rendered":"Candeeiro algarvio de ch\u00e3o"},"content":{"rendered":"<ul>\n<li id=\"u1865-9\"><strong>Materiais:\u00a0<\/strong>cork agglomerate + clay glaze<\/li>\n<li id=\"u1865-14\"><strong><strong>Dim.: <\/strong><\/strong>100x\u1d1324,5cm<\/li>\n<\/ul>\n<div class=\"AccordionPanelContent colelem AccordionPanelContentActive\" role=\"tabpanel\" aria-labelledby=\"u2013-3\">\n<div class=\"AccordionPanelContentClip\">\n<div id=\"u2011\" class=\"clearfix\">\n<div class=\"AccordionPanelContent colelem AccordionPanelContentActive\" role=\"tabpanel\" aria-labelledby=\"u29006-3\">\n<div class=\"AccordionPanelContentClip\"><\/div>\n<\/div>\n<\/div>\n<\/div>\n<\/div>\n","protected":false},"excerpt":{"rendered":"<p>Candeeiro de ch\u00e3o, composto por um cilindro de aglomerado de corti\u00e7a e um tubo interior em barro vidrado com recortes geom\u00e9tricos, inspirados nos padr\u00f5es das chamin\u00e9s algarvias.<\/p>\n<div class=\"grammarly-disable-indicator\"><\/div>\n","protected":false},"featured_media":6264,"template":"","meta":{"_mi_skip_tracking":false},"product_cat":[190],"product_tag":[193,191,192],"aioseo_notices":[],"_links":{"self":[{"href":"https:\/\/likecork.com\/shop\/wp-json\/wp\/v2\/product\/8446"}],"collection":[{"href":"https:\/\/likecork.com\/shop\/wp-json\/wp\/v2\/product"}],"about":[{"href":"https:\/\/likecork.com\/shop\/wp-json\/wp\/v2\/types\/product"}],"wp:featuredmedia":[{"embeddable":true,"href":"https:\/\/likecork.com\/shop\/wp-json\/wp\/v2\/media\/6264"}],"wp:attachment":[{"href":"https:\/\/likecork.com\/shop\/wp-json\/wp\/v2\/media?parent=8446"}],"wp:term":[{"taxonomy":"product_cat","embeddable":true,"href":"https:\/\/likecork.com\/shop\/wp-json\/wp\/v2\/product_cat?post=8446"},{"taxonomy":"product_tag","embeddable":true,"href":"https:\/\/likecork.com\/shop\/wp-json\/wp\/v2\/product_tag?post=8446"}],"curies":[{"name":"wp","href":"https:\/\/api.w.org\/{rel}","templated":true}]}}