{"id":8420,"date":"2018-11-22T16:11:20","date_gmt":"2018-11-22T16:11:22","guid":{"rendered":"https:\/\/likecork.com\/shop\/?post_type=product&#038;p=8420"},"modified":"2018-12-03T12:27:24","modified_gmt":"2018-12-03T12:27:24","slug":"algarvio-plafonnier","status":"publish","type":"product","link":"https:\/\/likecork.com\/shop\/produit\/algarvio-plafonnier\/?lang=fr","title":{"rendered":"Algarvio plafonnier"},"content":{"rendered":"<ul>\n<li id=\"u1865-9\"><strong><strong>Mat\u00e9riaux:\u00a0<\/strong><\/strong>Fa\u00efence vitr\u00e9e + base en li\u00e8ge agglom\u00e9r\u00e9<\/li>\n<li id=\"u1865-14\"><strong><strong>Dim.:\u00a0<\/strong><\/strong><span class=\"m_3946651676058147392gmail-im\">24x\u1d1311cm<\/span><\/li>\n<\/ul>\n<div class=\"AccordionPanelContent colelem AccordionPanelContentActive\" role=\"tabpanel\" aria-labelledby=\"u2013-3\">\n<div class=\"AccordionPanelContentClip\">\n<div id=\"u2011\" class=\"clearfix\">\n<div class=\"AccordionPanelContent colelem AccordionPanelContentActive\" role=\"tabpanel\" aria-labelledby=\"u29006-3\">\n<div class=\"AccordionPanelContentClip\"><\/div>\n<\/div>\n<\/div>\n<\/div>\n<\/div>\n<div class=\"grammarly-disable-indicator\"><\/div>\n<div class=\"grammarly-disable-indicator\"><\/div>\n<div class=\"grammarly-disable-indicator\"><\/div>\n","protected":false},"excerpt":{"rendered":"<p>Plafonnier compos\u00e9e d&#8217;un cylindre en li\u00e8ge agglom\u00e9r\u00e9 et d&#8217;un tube int\u00e9rieur en c\u00e9ramique \u00e9maill\u00e9e avec d\u00e9coupes en forme de larme, une pi\u00e8ce inspir\u00e9e des chemin\u00e9es de l&#8217;Algarve.<\/p>\n<div class=\"grammarly-disable-indicator\"><\/div>\n<div class=\"grammarly-disable-indicator\"><\/div>\n","protected":false},"featured_media":8046,"template":"","meta":{"_mi_skip_tracking":false},"product_cat":[269],"product_tag":[291,293,287],"aioseo_notices":[],"_links":{"self":[{"href":"https:\/\/likecork.com\/shop\/wp-json\/wp\/v2\/product\/8420"}],"collection":[{"href":"https:\/\/likecork.com\/shop\/wp-json\/wp\/v2\/product"}],"about":[{"href":"https:\/\/likecork.com\/shop\/wp-json\/wp\/v2\/types\/product"}],"wp:featuredmedia":[{"embeddable":true,"href":"https:\/\/likecork.com\/shop\/wp-json\/wp\/v2\/media\/8046"}],"wp:attachment":[{"href":"https:\/\/likecork.com\/shop\/wp-json\/wp\/v2\/media?parent=8420"}],"wp:term":[{"taxonomy":"product_cat","embeddable":true,"href":"https:\/\/likecork.com\/shop\/wp-json\/wp\/v2\/product_cat?post=8420"},{"taxonomy":"product_tag","embeddable":true,"href":"https:\/\/likecork.com\/shop\/wp-json\/wp\/v2\/product_tag?post=8420"}],"curies":[{"name":"wp","href":"https:\/\/api.w.org\/{rel}","templated":true}]}}