{"id":8414,"date":"2018-11-22T16:11:20","date_gmt":"2018-11-22T16:11:21","guid":{"rendered":"https:\/\/likecork.com\/shop\/?post_type=product&#038;p=8414"},"modified":"2018-12-03T12:27:40","modified_gmt":"2018-12-03T12:27:40","slug":"candeeiro-algarvio-de-teto","status":"publish","type":"product","link":"https:\/\/likecork.com\/shop\/produto\/candeeiro-algarvio-de-teto\/?lang=pt-pt","title":{"rendered":"Candeeiro algarvio de teto"},"content":{"rendered":"<ul>\n<li id=\"u1865-9\"><strong>Materiais:\u00a0<\/strong>cork agglomerate + clay glaze<\/li>\n<li id=\"u1865-14\"><strong><strong>Dim.:\u00a0<\/strong><\/strong><span class=\"m_3946651676058147392gmail-im\">24x\u1d1311cm<\/span><\/li>\n<\/ul>\n<div class=\"AccordionPanelContent colelem AccordionPanelContentActive\" role=\"tabpanel\" aria-labelledby=\"u2013-3\">\n<div class=\"AccordionPanelContentClip\">\n<div id=\"u2011\" class=\"clearfix\">\n<div class=\"AccordionPanelContent colelem AccordionPanelContentActive\" role=\"tabpanel\" aria-labelledby=\"u29006-3\">\n<div class=\"AccordionPanelContentClip\"><\/div>\n<\/div>\n<\/div>\n<\/div>\n<\/div>\n<div class=\"grammarly-disable-indicator\"><\/div>\n","protected":false},"excerpt":{"rendered":"<p>Candeeiro de teto, composto por um cilindro de aglomerado de corti\u00e7a e um tubo interior em barro vidrado com recortes geom\u00e9tricos, inspirados nos padr\u00f5es das chamin\u00e9s algarvias.<\/p>\n<div class=\"grammarly-disable-indicator\"><\/div>\n","protected":false},"featured_media":8047,"template":"","meta":{"_mi_skip_tracking":false},"product_cat":[190],"product_tag":[193,191,192],"aioseo_notices":[],"_links":{"self":[{"href":"https:\/\/likecork.com\/shop\/wp-json\/wp\/v2\/product\/8414"}],"collection":[{"href":"https:\/\/likecork.com\/shop\/wp-json\/wp\/v2\/product"}],"about":[{"href":"https:\/\/likecork.com\/shop\/wp-json\/wp\/v2\/types\/product"}],"wp:featuredmedia":[{"embeddable":true,"href":"https:\/\/likecork.com\/shop\/wp-json\/wp\/v2\/media\/8047"}],"wp:attachment":[{"href":"https:\/\/likecork.com\/shop\/wp-json\/wp\/v2\/media?parent=8414"}],"wp:term":[{"taxonomy":"product_cat","embeddable":true,"href":"https:\/\/likecork.com\/shop\/wp-json\/wp\/v2\/product_cat?post=8414"},{"taxonomy":"product_tag","embeddable":true,"href":"https:\/\/likecork.com\/shop\/wp-json\/wp\/v2\/product_tag?post=8414"}],"curies":[{"name":"wp","href":"https:\/\/api.w.org\/{rel}","templated":true}]}}