{"id":8102,"date":"2018-11-20T13:01:30","date_gmt":"2018-11-20T13:01:37","guid":{"rendered":"https:\/\/likecork.com\/shop\/?post_type=product&#038;p=8102"},"modified":"2019-03-19T13:36:24","modified_gmt":"2019-03-19T13:36:24","slug":"lanternes-au-portugal","status":"publish","type":"product","link":"https:\/\/likecork.com\/shop\/produit\/lanternes-au-portugal\/?lang=fr","title":{"rendered":"Lanternes du Portugal"},"content":{"rendered":"<ul>\n<li id=\"u1865-9\"><strong><strong>Mat\u00e9riaux:\u00a0<\/strong><\/strong>Ceramique \u00e9maill\u00e9e + base en li\u00e8ge agglom\u00e9r\u00e9<\/li>\n<li id=\"u1865-14\"><strong>Dim.: <\/strong>super petit: 11x\u1d1313cm | petit: 15x\u1d1314,5cm | moyen: 17x\u1d1314,5cm | gros: 20x\u1d1314,5cm<\/li>\n<li id=\"u1865-17\"><strong><strong>Variants:\u00a0<\/strong><\/strong>turquoise, bleu fonc\u00e9, blanc, jaune, rouge, orange, vert lime ou vert<\/li>\n<\/ul>\n<div class=\"grammarly-disable-indicator\"><\/div>\n<div class=\"grammarly-disable-indicator\"><\/div>\n<div class=\"grammarly-disable-indicator\"><\/div>\n<div class=\"grammarly-disable-indicator\"><\/div>\n","protected":false},"excerpt":{"rendered":"<p>Centres de table photophore de. Lampe de table compos\u00e9e d\u2019un socle en<br \/>\nli\u00e8ge agglom\u00e9r\u00e9 et d\u2019un tube en c\u00e9ramique \u00e9maill\u00e9e avec des d\u00e9coupes<br \/>\ninspir\u00e9es des diff\u00e9rents symboles du Portugal.<\/p>\n<div class=\"grammarly-disable-indicator\"><\/div>\n<div class=\"grammarly-disable-indicator\"><\/div>\n<div class=\"grammarly-disable-indicator\"><\/div>\n<div class=\"grammarly-disable-indicator\"><\/div>\n","protected":false},"featured_media":8177,"template":"","meta":{"_mi_skip_tracking":false},"product_cat":[269],"product_tag":[283,293,287,277],"aioseo_notices":[],"_links":{"self":[{"href":"https:\/\/likecork.com\/shop\/wp-json\/wp\/v2\/product\/8102"}],"collection":[{"href":"https:\/\/likecork.com\/shop\/wp-json\/wp\/v2\/product"}],"about":[{"href":"https:\/\/likecork.com\/shop\/wp-json\/wp\/v2\/types\/product"}],"wp:featuredmedia":[{"embeddable":true,"href":"https:\/\/likecork.com\/shop\/wp-json\/wp\/v2\/media\/8177"}],"wp:attachment":[{"href":"https:\/\/likecork.com\/shop\/wp-json\/wp\/v2\/media?parent=8102"}],"wp:term":[{"taxonomy":"product_cat","embeddable":true,"href":"https:\/\/likecork.com\/shop\/wp-json\/wp\/v2\/product_cat?post=8102"},{"taxonomy":"product_tag","embeddable":true,"href":"https:\/\/likecork.com\/shop\/wp-json\/wp\/v2\/product_tag?post=8102"}],"curies":[{"name":"wp","href":"https:\/\/api.w.org\/{rel}","templated":true}]}}