{"id":7877,"date":"2018-10-25T15:07:51","date_gmt":"2018-10-25T15:07:51","guid":{"rendered":"https:\/\/likecork.com\/shop\/product\/porte-revues\/"},"modified":"2018-12-01T21:11:32","modified_gmt":"2018-12-01T21:11:32","slug":"porte-revues","status":"publish","type":"product","link":"https:\/\/likecork.com\/shop\/produit\/porte-revues\/?lang=fr","title":{"rendered":"Porte-revues Balance"},"content":{"rendered":"<ul>\n<li id=\"u1865-9\"><strong><strong>Mat\u00e9riaux:\u00a0<\/strong><\/strong>Li\u00e8ge agglom\u00e9r\u00e9<\/li>\n<li id=\"u1865-14\"><strong>Dim.:\u00a0<\/strong>49,4&#215;41,5cm<\/li>\n<li id=\"u1865-17\"><strong>Couleur: <\/strong>Natural<\/li>\n<\/ul>\n<div class=\"grammarly-disable-indicator\"><\/div>\n","protected":false},"excerpt":{"rendered":"<p>Porte-revues en li\u00e8ge agglom\u00e9r\u00e9, une pi\u00e8ce accrocheuse et pratique pour ranger magazines, journaux et t\u00e9l\u00e9commandes.<\/p>\n<div class=\"grammarly-disable-indicator\"><\/div>\n","protected":false},"featured_media":7880,"template":"","meta":{"_mi_skip_tracking":false},"product_cat":[274],"product_tag":[305,299,287],"aioseo_notices":[],"_links":{"self":[{"href":"https:\/\/likecork.com\/shop\/wp-json\/wp\/v2\/product\/7877"}],"collection":[{"href":"https:\/\/likecork.com\/shop\/wp-json\/wp\/v2\/product"}],"about":[{"href":"https:\/\/likecork.com\/shop\/wp-json\/wp\/v2\/types\/product"}],"wp:featuredmedia":[{"embeddable":true,"href":"https:\/\/likecork.com\/shop\/wp-json\/wp\/v2\/media\/7880"}],"wp:attachment":[{"href":"https:\/\/likecork.com\/shop\/wp-json\/wp\/v2\/media?parent=7877"}],"wp:term":[{"taxonomy":"product_cat","embeddable":true,"href":"https:\/\/likecork.com\/shop\/wp-json\/wp\/v2\/product_cat?post=7877"},{"taxonomy":"product_tag","embeddable":true,"href":"https:\/\/likecork.com\/shop\/wp-json\/wp\/v2\/product_tag?post=7877"}],"curies":[{"name":"wp","href":"https:\/\/api.w.org\/{rel}","templated":true}]}}