{"id":7815,"date":"2018-10-23T12:44:45","date_gmt":"2018-10-23T12:44:45","guid":{"rendered":"https:\/\/likecork.com\/shop\/product\/algarvia-bougeoir\/"},"modified":"2018-12-01T21:22:17","modified_gmt":"2018-12-01T21:22:17","slug":"algarvia-bougeoir","status":"publish","type":"product","link":"https:\/\/likecork.com\/shop\/produit\/algarvia-bougeoir\/?lang=fr","title":{"rendered":"Algarvia bougeoir"},"content":{"rendered":"<ul>\n<li id=\"u1865-9\"><strong><strong>Mat\u00e9riaux:\u00a0<\/strong><\/strong>Ceramique \u00e9maill\u00e9e + base en li\u00e8ge agglom\u00e9r\u00e9<\/li>\n<li id=\"u1865-14\"><strong>Dim.: <\/strong>super petit: 11x\u1d1313cm | petit: 15x\u1d1314,5cm | moyen: 17x\u1d1314,5cm | gros: 20x\u1d1314,5cm<\/li>\n<li id=\"u1865-17\"><strong><strong>Variants:\u00a0<\/strong><\/strong>turquoise, bleu fonc\u00e9, blanc, jaune, rouge, orange, vert lime ou vert<\/li>\n<\/ul>\n<div class=\"grammarly-disable-indicator\"><\/div>\n<div class=\"grammarly-disable-indicator\"><\/div>\n<div class=\"grammarly-disable-indicator\"><\/div>\n","protected":false},"excerpt":{"rendered":"<p>Centres de table pour placement de bougies.Lampe de table compos\u00e9e d&#8217;un cylindre en li\u00e8ge agglom\u00e9r\u00e9 et d&#8217;un tube en ceramique \u00e9maill\u00e9e avec des d\u00e9coupes g\u00e9om\u00e9triques, inspir\u00e9es par les chemin\u00e9es typique de l&#8217;Algarve.<\/p>\n<div class=\"grammarly-disable-indicator\"><\/div>\n<div class=\"grammarly-disable-indicator\"><\/div>\n<div class=\"grammarly-disable-indicator\"><\/div>\n","protected":false},"featured_media":7825,"template":"","meta":{"_mi_skip_tracking":false},"product_cat":[269],"product_tag":[283,293,287,277],"aioseo_notices":[],"_links":{"self":[{"href":"https:\/\/likecork.com\/shop\/wp-json\/wp\/v2\/product\/7815"}],"collection":[{"href":"https:\/\/likecork.com\/shop\/wp-json\/wp\/v2\/product"}],"about":[{"href":"https:\/\/likecork.com\/shop\/wp-json\/wp\/v2\/types\/product"}],"wp:featuredmedia":[{"embeddable":true,"href":"https:\/\/likecork.com\/shop\/wp-json\/wp\/v2\/media\/7825"}],"wp:attachment":[{"href":"https:\/\/likecork.com\/shop\/wp-json\/wp\/v2\/media?parent=7815"}],"wp:term":[{"taxonomy":"product_cat","embeddable":true,"href":"https:\/\/likecork.com\/shop\/wp-json\/wp\/v2\/product_cat?post=7815"},{"taxonomy":"product_tag","embeddable":true,"href":"https:\/\/likecork.com\/shop\/wp-json\/wp\/v2\/product_tag?post=7815"}],"curies":[{"name":"wp","href":"https:\/\/api.w.org\/{rel}","templated":true}]}}