{"id":7807,"date":"2018-10-26T16:09:11","date_gmt":"2018-10-26T16:09:11","guid":{"rendered":"https:\/\/likecork.com\/shop\/product\/lampadaire-helice\/"},"modified":"2018-12-02T12:47:23","modified_gmt":"2018-12-02T12:47:23","slug":"lampadaire-helice","status":"publish","type":"product","link":"https:\/\/likecork.com\/shop\/produit\/lampadaire-helice\/?lang=fr","title":{"rendered":"Lampadaire H\u00e9lice"},"content":{"rendered":"<ul>\n<li id=\"u1865-9\"><strong><strong><strong>Mat\u00e9riaux: <\/strong><\/strong><\/strong>Ceramique \u00e9maill\u00e9e + tube en li\u00e8ge agglom\u00e9r\u00e9<\/li>\n<li id=\"u1865-14\"><strong>Dim.:\u00a0<\/strong>ferm\u00e9: 110x\u1d1324,5cm<\/li>\n<li><strong>Variants:<\/strong> orange ou bleu<\/li>\n<\/ul>\n<div class=\"grammarly-disable-indicator\"><\/div>\n<div class=\"grammarly-disable-indicator\"><\/div>\n<div class=\"grammarly-disable-indicator\"><\/div>\n<div class=\"grammarly-disable-indicator\"><\/div>\n","protected":false},"excerpt":{"rendered":"<p>Ce lampadaire de sol est compos\u00e9 de deux cylindres l&#8217;un en li\u00e8ge agglom\u00e9r\u00e9 et l\u00b4autre est un tube int\u00e9rieur en ceramique emaill\u00e9e avec des d\u00e9coupes inspir\u00e9s par les chemin\u00e9es de l\u2019Algarve. Cette conception simple permet de modifier l&#8217;intensit\u00e9 de la lumi\u00e8re en ajustant la pi\u00e8ce ext\u00e9rieure. Un must have dans n&#8217;importe quel environnement de vie moderne.<\/p>\n<div class=\"grammarly-disable-indicator\"><\/div>\n<div class=\"grammarly-disable-indicator\"><\/div>\n","protected":false},"featured_media":6509,"template":"","meta":{"_mi_skip_tracking":false},"product_cat":[269],"product_tag":[291,293,287],"aioseo_notices":[],"_links":{"self":[{"href":"https:\/\/likecork.com\/shop\/wp-json\/wp\/v2\/product\/7807"}],"collection":[{"href":"https:\/\/likecork.com\/shop\/wp-json\/wp\/v2\/product"}],"about":[{"href":"https:\/\/likecork.com\/shop\/wp-json\/wp\/v2\/types\/product"}],"wp:featuredmedia":[{"embeddable":true,"href":"https:\/\/likecork.com\/shop\/wp-json\/wp\/v2\/media\/6509"}],"wp:attachment":[{"href":"https:\/\/likecork.com\/shop\/wp-json\/wp\/v2\/media?parent=7807"}],"wp:term":[{"taxonomy":"product_cat","embeddable":true,"href":"https:\/\/likecork.com\/shop\/wp-json\/wp\/v2\/product_cat?post=7807"},{"taxonomy":"product_tag","embeddable":true,"href":"https:\/\/likecork.com\/shop\/wp-json\/wp\/v2\/product_tag?post=7807"}],"curies":[{"name":"wp","href":"https:\/\/api.w.org\/{rel}","templated":true}]}}