{"id":7228,"date":"2018-11-06T20:42:52","date_gmt":"2018-11-06T20:42:57","guid":{"rendered":"https:\/\/likecork.com\/shop\/?post_type=product&#038;p=7228"},"modified":"2021-02-17T22:23:06","modified_gmt":"2021-02-17T22:23:06","slug":"cadeira-balance","status":"publish","type":"product","link":"https:\/\/likecork.com\/shop\/produto\/cadeira-balance\/?lang=pt-pt","title":{"rendered":"Cadeira Balance"},"content":{"rendered":"<ul>\n<li id=\"u1865-9\"><strong>Materiais: <\/strong>Pinho n\u00f3rdico<strong> +\u00a0<\/strong>aglomerado de rolhas<\/li>\n<li id=\"u1865-14\"><strong>Dim.: <\/strong>Cadeira: 95x80x60cm | Mesa: 80x80x60cm<\/li>\n<li id=\"u1865-17\"><strong>Variantes: <\/strong>natural, turquesa, azul cinzento e wengu\u00e9<\/li>\n<\/ul>\n<div class=\"grammarly-disable-indicator\"><\/div>\n<div class=\"grammarly-disable-indicator\"><\/div>\n<div class=\"grammarly-disable-indicator\"><\/div>\n<div class=\"grammarly-disable-indicator\"><\/div>\n<div class=\"grammarly-disable-indicator\"><\/div>\n<div class=\"grammarly-disable-indicator\"><\/div>\n<div class=\"grammarly-disable-indicator\"><\/div>\n<div class=\"grammarly-disable-indicator\"><\/div>\n<div class=\"grammarly-disable-indicator\"><\/div>\n<div class=\"grammarly-disable-indicator\"><\/div>\n","protected":false},"excerpt":{"rendered":"<p class=\"grammarly-disable-indicator\">A cadeira Balance resulta de um perfil de linhas sinuosas e continuas que incute no pr\u00f3prio perfil o movimento do balan\u00e7o. \u00c9 uma pe\u00e7a que nos remete para recorda\u00e7\u00f5es passadas, uma recorda\u00e7\u00e3o do colo dos nossos av\u00f3s. Esta \u00e9 uma pe\u00e7a especial e muito familiar.<\/p>\n<p>Esta cadeira utiliza como perfil e estrutura o contraplacado de pinho n\u00f3rdico e nas tiras do assento e das costas o aglomerado de corti\u00e7a.<\/p>\n<div class=\"grammarly-disable-indicator\"><\/div>\n<div class=\"grammarly-disable-indicator\"><\/div>\n<div class=\"grammarly-disable-indicator\"><\/div>\n<div class=\"grammarly-disable-indicator\"><\/div>\n<div class=\"grammarly-disable-indicator\"><\/div>\n<div class=\"grammarly-disable-indicator\"><\/div>\n<div class=\"grammarly-disable-indicator\"><\/div>\n<div class=\"grammarly-disable-indicator\"><\/div>\n","protected":false},"featured_media":6639,"template":"","meta":{"_mi_skip_tracking":false},"product_cat":[198],"product_tag":[191,323,204],"aioseo_notices":[],"_links":{"self":[{"href":"https:\/\/likecork.com\/shop\/wp-json\/wp\/v2\/product\/7228"}],"collection":[{"href":"https:\/\/likecork.com\/shop\/wp-json\/wp\/v2\/product"}],"about":[{"href":"https:\/\/likecork.com\/shop\/wp-json\/wp\/v2\/types\/product"}],"wp:featuredmedia":[{"embeddable":true,"href":"https:\/\/likecork.com\/shop\/wp-json\/wp\/v2\/media\/6639"}],"wp:attachment":[{"href":"https:\/\/likecork.com\/shop\/wp-json\/wp\/v2\/media?parent=7228"}],"wp:term":[{"taxonomy":"product_cat","embeddable":true,"href":"https:\/\/likecork.com\/shop\/wp-json\/wp\/v2\/product_cat?post=7228"},{"taxonomy":"product_tag","embeddable":true,"href":"https:\/\/likecork.com\/shop\/wp-json\/wp\/v2\/product_tag?post=7228"}],"curies":[{"name":"wp","href":"https:\/\/api.w.org\/{rel}","templated":true}]}}