{"id":6626,"date":"2016-04-22T03:59:12","date_gmt":"2016-04-22T03:59:12","guid":{"rendered":"https:\/\/likecork.com\/shop\/product\/banco-balance\/"},"modified":"2023-04-20T16:59:21","modified_gmt":"2023-04-20T16:59:21","slug":"banco-balance","status":"publish","type":"product","link":"https:\/\/likecork.com\/shop\/produto\/banco-balance\/?lang=pt-pt","title":{"rendered":"Banco balance"},"content":{"rendered":"<ul>\n<li id=\"u1865-9\"><strong>Materiais: <\/strong>aglomerado de corti\u00e7a + velcro<\/li>\n<li id=\"u1865-14\"><strong>Dim.: <\/strong>banco de 2 pe\u00e7as:\u00a048x48x40cm \/\/ banco de 3 pe\u00e7as: 48x48x45cm<\/li>\n<li><strong>Cor: <\/strong>natural<\/li>\n<\/ul>\n<div class=\"grammarly-disable-indicator\"><\/div>\n","protected":false},"excerpt":{"rendered":"<p>\u00c9 constitu\u00eddo por 2 ou 3 pe\u00e7as de aglomerado de corti\u00e7a, cortadas com um desenho que permite sentar em v\u00e1rias posi\u00e7\u00f5es.<\/p>\n<p>Podem ser usadas juntas ou separadas, sentar uma a tr\u00eas pessoas ou, quando voltadas ser usadas como mesa.<\/p>\n<div class=\"grammarly-disable-indicator\"><\/div>\n","protected":false},"featured_media":6631,"template":"","meta":{"_mi_skip_tracking":false},"product_cat":[198],"product_tag":[419,191,204],"aioseo_notices":[],"_links":{"self":[{"href":"https:\/\/likecork.com\/shop\/wp-json\/wp\/v2\/product\/6626"}],"collection":[{"href":"https:\/\/likecork.com\/shop\/wp-json\/wp\/v2\/product"}],"about":[{"href":"https:\/\/likecork.com\/shop\/wp-json\/wp\/v2\/types\/product"}],"wp:featuredmedia":[{"embeddable":true,"href":"https:\/\/likecork.com\/shop\/wp-json\/wp\/v2\/media\/6631"}],"wp:attachment":[{"href":"https:\/\/likecork.com\/shop\/wp-json\/wp\/v2\/media?parent=6626"}],"wp:term":[{"taxonomy":"product_cat","embeddable":true,"href":"https:\/\/likecork.com\/shop\/wp-json\/wp\/v2\/product_cat?post=6626"},{"taxonomy":"product_tag","embeddable":true,"href":"https:\/\/likecork.com\/shop\/wp-json\/wp\/v2\/product_tag?post=6626"}],"curies":[{"name":"wp","href":"https:\/\/api.w.org\/{rel}","templated":true}]}}