{"id":6588,"date":"2018-10-23T10:37:26","date_gmt":"2018-10-23T10:37:26","guid":{"rendered":"https:\/\/likecork.com\/shop\/product\/banco-rolha\/"},"modified":"2023-04-20T16:49:29","modified_gmt":"2023-04-20T16:49:29","slug":"banco-rolha","status":"publish","type":"product","link":"https:\/\/likecork.com\/shop\/produto\/banco-rolha\/?lang=pt-pt","title":{"rendered":"Cole\u00e7\u00e3o Rolha"},"content":{"rendered":"<ul>\n<li id=\"u1865-9\"><strong>Materials: <\/strong>aglomerado de corti\u00e7a com rolha + ferro encerado<\/li>\n<li id=\"u1865-14\"><strong>Dim.:\u00a0<\/strong>Banco rolha alto: 70\u1d13x35cm | Banco Rolha alto com costas: 104x41cm| Banco rolha baixo: 35\u1d13x45cm | Mesa banco rolha: 56\u1d13x77cm<\/li>\n<li id=\"u1865-17\"><strong>Cor: <\/strong>Ferro Natural \/ Branco<\/li>\n<\/ul>\n<div class=\"grammarly-disable-indicator\"><\/div>\n<div class=\"grammarly-disable-indicator\"><\/div>\n<div class=\"grammarly-disable-indicator\"><\/div>\n<div class=\"grammarly-disable-indicator\"><\/div>\n<div class=\"grammarly-disable-indicator\"><\/div>\n<div class=\"grammarly-disable-indicator\"><\/div>\n","protected":false},"excerpt":{"rendered":"<p>Como o pr\u00f3prio nome indica esta cole\u00e7\u00e3o \u00e9 inspirada na rolha gigante de champagne, com o assento em aglomerado de corti\u00e7a de rolhas, onde se podem encontrar as palavras originais impressas nas rolhas ou a cor do vinho.<\/p>\n<div class=\"grammarly-disable-indicator\"><\/div>\n<div class=\"grammarly-disable-indicator\"><\/div>\n<div class=\"grammarly-disable-indicator\"><\/div>\n<div class=\"grammarly-disable-indicator\"><\/div>\n<div class=\"grammarly-disable-indicator\"><\/div>\n<div class=\"grammarly-disable-indicator\"><\/div>\n","protected":false},"featured_media":6261,"template":"","meta":{"_mi_skip_tracking":false},"product_cat":[198],"product_tag":[210,191,204],"aioseo_notices":[],"_links":{"self":[{"href":"https:\/\/likecork.com\/shop\/wp-json\/wp\/v2\/product\/6588"}],"collection":[{"href":"https:\/\/likecork.com\/shop\/wp-json\/wp\/v2\/product"}],"about":[{"href":"https:\/\/likecork.com\/shop\/wp-json\/wp\/v2\/types\/product"}],"wp:featuredmedia":[{"embeddable":true,"href":"https:\/\/likecork.com\/shop\/wp-json\/wp\/v2\/media\/6261"}],"wp:attachment":[{"href":"https:\/\/likecork.com\/shop\/wp-json\/wp\/v2\/media?parent=6588"}],"wp:term":[{"taxonomy":"product_cat","embeddable":true,"href":"https:\/\/likecork.com\/shop\/wp-json\/wp\/v2\/product_cat?post=6588"},{"taxonomy":"product_tag","embeddable":true,"href":"https:\/\/likecork.com\/shop\/wp-json\/wp\/v2\/product_tag?post=6588"}],"curies":[{"name":"wp","href":"https:\/\/api.w.org\/{rel}","templated":true}]}}