{"id":6533,"date":"2018-10-23T12:44:45","date_gmt":"2018-10-23T12:44:45","guid":{"rendered":"https:\/\/likecork.com\/shop\/product\/lamparina-algarvia\/"},"modified":"2018-12-03T12:16:28","modified_gmt":"2018-12-03T12:16:28","slug":"lamparina-algarvia","status":"publish","type":"product","link":"https:\/\/likecork.com\/shop\/produto\/lamparina-algarvia\/?lang=pt-pt","title":{"rendered":"Lamparina Algarvia"},"content":{"rendered":"<ul>\n<li id=\"u1865-9\"><strong>Materiais: <\/strong>aglomerado de rolhas de corti\u00e7a + inox escovado<\/li>\n<li id=\"u1865-14\"><strong>Dim.: <\/strong>extra pequeno: 11x\u1d1313cm | pequeno: 15x\u1d1314,5cm | m\u00e9dio: 17x\u1d1314,5cm | grande: 20x\u1d1314,5cm<\/li>\n<li id=\"u1865-17\"><strong>Variantes: <\/strong>turquesa, azul escuro, branco, amarelo, vermelho, laranja, verde lima, verde<\/li>\n<\/ul>\n<div class=\"grammarly-disable-indicator\"><\/div>\n<div class=\"grammarly-disable-indicator\"><\/div>\n<div class=\"grammarly-disable-indicator\"><\/div>\n","protected":false},"excerpt":{"rendered":"<p>Centros de mesa para coloca\u00e7\u00e3o de vela. Base em aglomerado de corti\u00e7a e o tubo rendilhado em barro vidrado com recortes inspirados nas chamin\u00e9s Algarvias.<\/p>\n<div class=\"grammarly-disable-indicator\"><\/div>\n<div class=\"grammarly-disable-indicator\"><\/div>\n<div class=\"grammarly-disable-indicator\"><\/div>\n","protected":false},"featured_media":6543,"template":"","meta":{"_mi_skip_tracking":false},"product_cat":[190],"product_tag":[191,192,207,203],"aioseo_notices":[],"_links":{"self":[{"href":"https:\/\/likecork.com\/shop\/wp-json\/wp\/v2\/product\/6533"}],"collection":[{"href":"https:\/\/likecork.com\/shop\/wp-json\/wp\/v2\/product"}],"about":[{"href":"https:\/\/likecork.com\/shop\/wp-json\/wp\/v2\/types\/product"}],"wp:featuredmedia":[{"embeddable":true,"href":"https:\/\/likecork.com\/shop\/wp-json\/wp\/v2\/media\/6543"}],"wp:attachment":[{"href":"https:\/\/likecork.com\/shop\/wp-json\/wp\/v2\/media?parent=6533"}],"wp:term":[{"taxonomy":"product_cat","embeddable":true,"href":"https:\/\/likecork.com\/shop\/wp-json\/wp\/v2\/product_cat?post=6533"},{"taxonomy":"product_tag","embeddable":true,"href":"https:\/\/likecork.com\/shop\/wp-json\/wp\/v2\/product_tag?post=6533"}],"curies":[{"name":"wp","href":"https:\/\/api.w.org\/{rel}","templated":true}]}}