{"id":6526,"date":"2018-10-25T15:25:54","date_gmt":"2018-10-25T15:25:54","guid":{"rendered":"https:\/\/likecork.com\/shop\/product\/fruteira-algarvia\/"},"modified":"2023-04-20T17:01:40","modified_gmt":"2023-04-20T17:01:40","slug":"fruteira-algarvia","status":"publish","type":"product","link":"https:\/\/likecork.com\/shop\/produto\/fruteira-algarvia\/?lang=pt-pt","title":{"rendered":"Fruteira Algarvia"},"content":{"rendered":"<ul>\n<li id=\"u1865-9\"><strong>Materiais: <\/strong>barro vidrado + aglomerado de corti\u00e7a<\/li>\n<li id=\"u1865-14\"><strong>Dim.:\u00a0<\/strong>\u1d1328x13cm<\/li>\n<li id=\"u1865-17\"><strong>Variantes: <\/strong>preto ou branco<\/li>\n<\/ul>\n","protected":false},"excerpt":{"rendered":"<p id=\"u32439-5\">Base em aglomerado de corti\u00e7a e ta\u00e7a rendilhada em barro vidrado com recortes inspirados nas chamin\u00e9s Algarvias.<\/p>\n<div class=\"grammarly-disable-indicator\"><\/div>\n","protected":false},"featured_media":6279,"template":"","meta":{"_mi_skip_tracking":false},"product_cat":[199],"product_tag":[193,211,191],"aioseo_notices":[],"_links":{"self":[{"href":"https:\/\/likecork.com\/shop\/wp-json\/wp\/v2\/product\/6526"}],"collection":[{"href":"https:\/\/likecork.com\/shop\/wp-json\/wp\/v2\/product"}],"about":[{"href":"https:\/\/likecork.com\/shop\/wp-json\/wp\/v2\/types\/product"}],"wp:featuredmedia":[{"embeddable":true,"href":"https:\/\/likecork.com\/shop\/wp-json\/wp\/v2\/media\/6279"}],"wp:attachment":[{"href":"https:\/\/likecork.com\/shop\/wp-json\/wp\/v2\/media?parent=6526"}],"wp:term":[{"taxonomy":"product_cat","embeddable":true,"href":"https:\/\/likecork.com\/shop\/wp-json\/wp\/v2\/product_cat?post=6526"},{"taxonomy":"product_tag","embeddable":true,"href":"https:\/\/likecork.com\/shop\/wp-json\/wp\/v2\/product_tag?post=6526"}],"curies":[{"name":"wp","href":"https:\/\/api.w.org\/{rel}","templated":true}]}}