{"id":6506,"date":"2018-10-26T16:09:11","date_gmt":"2018-10-26T16:09:11","guid":{"rendered":"https:\/\/likecork.com\/shop\/product\/candeeiro-helice\/"},"modified":"2023-04-20T16:58:48","modified_gmt":"2023-04-20T16:58:48","slug":"candeeiro-helice","status":"publish","type":"product","link":"https:\/\/likecork.com\/shop\/produto\/candeeiro-helice\/?lang=pt-pt","title":{"rendered":"Candeeiro H\u00e9lice"},"content":{"rendered":"<ul>\n<li id=\"u1865-9\"><strong>Materiais: <\/strong>barro vidrado + tubo de aglomerado de corti\u00e7a<\/li>\n<li id=\"u1865-14\"><strong>Dim.:\u00a0<\/strong>fechado: 110x\u1d1324,5cm<\/li>\n<li><strong>Variantes:<\/strong> laranja ou azul<\/li>\n<\/ul>\n<div class=\"AccordionPanelContent colelem AccordionPanelContentActive\" role=\"tabpanel\" aria-labelledby=\"u2013-3\">\n<div class=\"AccordionPanelContentClip\">\n<div id=\"u2011\" class=\"clearfix\"><\/div>\n<\/div>\n<\/div>\n<div class=\"grammarly-disable-indicator\"><\/div>\n<div class=\"grammarly-disable-indicator\"><\/div>\n","protected":false},"excerpt":{"rendered":"<p>Candeeiro de ch\u00e3o composto por dois cilindros de aglomerado de corti\u00e7a e um tubo interior em barro vidrado com recortes inspirados nas chamin\u00e9s Algarvias. Atrav\u00e9s do manuseamento do tubo exterior \u00e9 poss\u00edvel regular a intensidade luminosa.<\/p>\n<p>\u00c9 sem d\u00favida uma pe\u00e7a a integrar qualquer ambiente moderno e vivo.<\/p>\n<div class=\"grammarly-disable-indicator\"><\/div>\n<div class=\"grammarly-disable-indicator\"><\/div>\n<div class=\"grammarly-disable-indicator\"><\/div>\n<div class=\"grammarly-disable-indicator\"><\/div>\n","protected":false},"featured_media":6270,"template":"","meta":{"_mi_skip_tracking":false},"product_cat":[190],"product_tag":[193,191,192],"aioseo_notices":[],"_links":{"self":[{"href":"https:\/\/likecork.com\/shop\/wp-json\/wp\/v2\/product\/6506"}],"collection":[{"href":"https:\/\/likecork.com\/shop\/wp-json\/wp\/v2\/product"}],"about":[{"href":"https:\/\/likecork.com\/shop\/wp-json\/wp\/v2\/types\/product"}],"wp:featuredmedia":[{"embeddable":true,"href":"https:\/\/likecork.com\/shop\/wp-json\/wp\/v2\/media\/6270"}],"wp:attachment":[{"href":"https:\/\/likecork.com\/shop\/wp-json\/wp\/v2\/media?parent=6506"}],"wp:term":[{"taxonomy":"product_cat","embeddable":true,"href":"https:\/\/likecork.com\/shop\/wp-json\/wp\/v2\/product_cat?post=6506"},{"taxonomy":"product_tag","embeddable":true,"href":"https:\/\/likecork.com\/shop\/wp-json\/wp\/v2\/product_tag?post=6506"}],"curies":[{"name":"wp","href":"https:\/\/api.w.org\/{rel}","templated":true}]}}