{"id":6497,"date":"2018-10-26T16:28:09","date_gmt":"2018-10-26T16:28:09","guid":{"rendered":"https:\/\/likecork.com\/shop\/product\/candeeiro-globo\/"},"modified":"2023-04-20T16:39:02","modified_gmt":"2023-04-20T16:39:02","slug":"candeeiro-globo","status":"publish","type":"product","link":"https:\/\/likecork.com\/shop\/produto\/candeeiro-globo\/?lang=pt-pt","title":{"rendered":"Candeeiro globo"},"content":{"rendered":"<ul>\n<li id=\"u1865-9\"><strong>Materiais: <\/strong>barro vidrado + aglomerado de corti\u00e7a<\/li>\n<li id=\"u1865-14\"><strong>Dim.: <\/strong>pequeno 15x\u1d1317cm | m\u00e9dio 17x\u1d1320cm | grande 24x\u1d1327cm<\/li>\n<\/ul>\n<div class=\"grammarly-disable-indicator\"><\/div>\n","protected":false},"excerpt":{"rendered":"<p>Lamparina ou candeeiro composto por um globo em faian\u00e7a vidrada com recortes geom\u00e9tricos e base em corti\u00e7a, inspirados nos padr\u00f5es das chamin\u00e9s algarvias.<\/p>\n<div class=\"grammarly-disable-indicator\"><\/div>\n","protected":false},"featured_media":6267,"template":"","meta":{"_mi_skip_tracking":false},"product_cat":[190],"product_tag":[193,191,192],"aioseo_notices":[],"_links":{"self":[{"href":"https:\/\/likecork.com\/shop\/wp-json\/wp\/v2\/product\/6497"}],"collection":[{"href":"https:\/\/likecork.com\/shop\/wp-json\/wp\/v2\/product"}],"about":[{"href":"https:\/\/likecork.com\/shop\/wp-json\/wp\/v2\/types\/product"}],"wp:featuredmedia":[{"embeddable":true,"href":"https:\/\/likecork.com\/shop\/wp-json\/wp\/v2\/media\/6267"}],"wp:attachment":[{"href":"https:\/\/likecork.com\/shop\/wp-json\/wp\/v2\/media?parent=6497"}],"wp:term":[{"taxonomy":"product_cat","embeddable":true,"href":"https:\/\/likecork.com\/shop\/wp-json\/wp\/v2\/product_cat?post=6497"},{"taxonomy":"product_tag","embeddable":true,"href":"https:\/\/likecork.com\/shop\/wp-json\/wp\/v2\/product_tag?post=6497"}],"curies":[{"name":"wp","href":"https:\/\/api.w.org\/{rel}","templated":true}]}}