{"id":9480,"date":"2020-05-27T19:07:56","date_gmt":"2020-05-27T19:07:56","guid":{"rendered":"https:\/\/likecork.com\/shop\/returns\/"},"modified":"2020-05-27T19:36:35","modified_gmt":"2020-05-27T19:36:35","slug":"returns","status":"publish","type":"page","link":"https:\/\/likecork.com\/shop\/returns\/?lang=pt-pt","title":{"rendered":"Devolu\u00e7\u00f5es"},"content":{"rendered":"<h2 class=\"western\"><span style=\"font-family: Arial, sans-serif;\"><span style=\"font-size: small;\">Precisa de ajuda na devolu\u00e7\u00e3o do seu artigo? <\/span><\/span><\/h2>\n<p class=\"western\"><span style=\"font-family: Arial, sans-serif;\"><span style=\"font-size: small;\">Linha de Apoio ao Cliente: (+351)\u00a0919 086 852 (das 10h \u00e0s 19h)<br \/>\nE-mail: likecork@likecork.com<\/span><\/span><\/p>\n<h2 class=\"western\"><span style=\"font-family: Arial, sans-serif;\"><span style=\"font-size: small;\">Pol\u00edtica de devolu\u00e7\u00f5es likecork.com<\/span><\/span><\/h2>\n<p><span style=\"font-family: Arial, sans-serif;\"><span style=\"font-size: small;\">Se adquiriu um artigo em likecork.com disp\u00f5e de um prazo de 14 dias para proceder \u00e0 devolu\u00e7\u00e3o da sua encomenda.<br \/>\nPode faz\u00ea-lo desde que o artigo se encontre nas mesmas condi\u00e7\u00f5es em que foi vendido, em embalagem original e acompanhado de todos os acess\u00f3rios que o constituem. Poder\u00e1 faz\u00ea-lo da seguinte forma:<\/span><\/span><\/p>\n<h1 class=\"western\"><span style=\"font-family: Arial, sans-serif;\"><span style=\"font-size: small;\"><b>Poder\u00e1 faz\u00ea-lo da seguinte forma:<\/b><\/span><\/span><\/h1>\n<p><span style=\"font-family: Arial, sans-serif;\"><span style=\"font-size: small;\">Contactar a nossa Linha de apoio ao cliente para informa\u00e7\u00f5es sobre procedimentos de envio.<br \/>\n<\/span><\/span><em><span style=\"font-family: Arial, sans-serif;\"><span style=\"font-size: small;\">Nota: Nunca expedir o artigo para a Likecork sem contacto pr\u00e9vio com a Linha de Apoio ao Cliente.<\/span><\/span><\/em><\/p>\n<h2 class=\"western\"><span style=\"font-family: Arial, sans-serif;\"><span style=\"font-size: small;\"><b>As condi\u00e7\u00f5es da devolu\u00e7\u00e3o s\u00e3o as seguintes:<\/b><\/span><\/span><\/h2>\n<p><span style=\"font-family: Arial, sans-serif;\"><span style=\"font-size: small;\">Devolu\u00e7\u00e3o do artigo completo, com todos os seus componentes e acess\u00f3rios e embalagens originais em perfeito estado;<\/span><\/span><\/p>\n<p><span style=\"font-family: Arial, sans-serif;\"><span style=\"font-size: small;\">Prazo de Devolu\u00e7\u00e3o: At\u00e9 ao 14\u00ba dia consecutivo, a partir do dia da entrega.<\/span><\/span><\/p>\n<p><span style=\"font-family: Arial, sans-serif;\"><span style=\"font-size: small;\">Artigos sem sinal de uso<\/span><\/span><\/p>\n<p><span style=\"font-family: Arial, sans-serif;\"><span style=\"font-size: small;\"><b>Produto Avariado<\/b><\/span><\/span><\/p>\n<p><span style=\"font-family: Arial, sans-serif;\"><span style=\"font-size: small;\">Contacte a nossa linha de apoio ao cliente <\/span><\/span><em><span style=\"font-family: Arial, sans-serif;\"><span style=\"font-size: small;\">ou envie-nos um email <\/span><\/span><\/em><span style=\"font-family: Arial, sans-serif;\"><span style=\"font-size: small;\">que ajudar\u00e1 a resolver o problema.<\/span><\/span><\/p>\n<p><span style=\"font-family: Arial, sans-serif;\"><span style=\"font-size: small;\"><b>Devolu\u00e7\u00f5es por danos de transporte<\/b><\/span><\/span><\/p>\n<p><span style=\"font-family: Arial, sans-serif;\"><span style=\"font-size: small;\">Caso detecte alguma anomalia ou dano causado pelo transporte do artigo que encomendou deve comunicar \u00e0 nossa linha de apoio ao cliente<\/span><\/span><span style=\"font-family: Arial, sans-serif;\"><span style=\"font-size: small;\">.<\/span><\/span><\/p>\n<h2 class=\"western\"><span style=\"font-family: Arial, sans-serif;\"><span style=\"font-size: small;\">Reembolso (Aplic\u00e1vel em compras em Likecork.com)<\/span><\/span><\/h2>\n<p><span style=\"font-family: Arial, sans-serif;\"><span style=\"font-size: small;\">No caso de devolu\u00e7\u00e3o, o reembolso do valor da sua compra ser\u00e1 efetuado ap\u00f3s a valida\u00e7\u00e3o do cumprimento das condi\u00e7\u00f5es de devolu\u00e7\u00e3o descritos anteriormente, tendo a Likecork um prazo de at\u00e9 14 dias para o efeito a partir do momento em que \u00e9 recebido o equipamento. <\/span><\/span><\/p>\n<p>&nbsp;<\/p>\n","protected":false},"excerpt":{"rendered":"<p>Precisa de ajuda na devolu\u00e7\u00e3o do seu artigo? Linha de Apoio ao Cliente: (+351)\u00a0919 086 852 (das 10h \u00e0s 19h) E-mail: likecork@likecork.com Pol\u00edtica de devolu\u00e7\u00f5es likecork.com Se adquiriu um artigo em likecork.com disp\u00f5e de um prazo de 14 dias para proceder \u00e0 devolu\u00e7\u00e3o da sua encomenda. Pode faz\u00ea-lo desde que o artigo se encontre nas [&hellip;]<\/p>\n","protected":false},"author":1,"featured_media":0,"parent":0,"menu_order":0,"comment_status":"closed","ping_status":"closed","template":"","meta":{"_mi_skip_tracking":false},"aioseo_notices":[],"_links":{"self":[{"href":"https:\/\/likecork.com\/shop\/wp-json\/wp\/v2\/pages\/9480"}],"collection":[{"href":"https:\/\/likecork.com\/shop\/wp-json\/wp\/v2\/pages"}],"about":[{"href":"https:\/\/likecork.com\/shop\/wp-json\/wp\/v2\/types\/page"}],"author":[{"embeddable":true,"href":"https:\/\/likecork.com\/shop\/wp-json\/wp\/v2\/users\/1"}],"replies":[{"embeddable":true,"href":"https:\/\/likecork.com\/shop\/wp-json\/wp\/v2\/comments?post=9480"}],"version-history":[{"count":3,"href":"https:\/\/likecork.com\/shop\/wp-json\/wp\/v2\/pages\/9480\/revisions"}],"predecessor-version":[{"id":9488,"href":"https:\/\/likecork.com\/shop\/wp-json\/wp\/v2\/pages\/9480\/revisions\/9488"}],"wp:attachment":[{"href":"https:\/\/likecork.com\/shop\/wp-json\/wp\/v2\/media?parent=9480"}],"curies":[{"name":"wp","href":"https:\/\/api.w.org\/{rel}","templated":true}]}}