{"id":6323,"date":"2018-11-03T19:20:25","date_gmt":"2018-11-03T19:20:25","guid":{"rendered":"https:\/\/likecork.com\/shop\/home-1\/"},"modified":"2018-12-03T21:11:54","modified_gmt":"2018-12-03T21:11:54","slug":"home-1","status":"publish","type":"page","link":"https:\/\/likecork.com\/shop\/home-1\/?lang=pt-pt","title":{"rendered":"Home"},"content":{"rendered":"<p>[vc_row full_width=&#8221;stretch_row_content_no_spaces&#8221; css=&#8221;.vc_custom_1531367776466{margin-bottom: 100px !important;}&#8221;][vc_column][rev_slider_vc alias=&#8221;slider1&#8243;][\/vc_column][\/vc_row][vc_row css=&#8221;.vc_custom_1532315134336{margin-bottom: 45px !important;}&#8221; el_class=&#8221;col-special&#8221;][vc_column width=&#8221;1\/3&#8243;]<div class=\"bwp-widget-banner default\">\r\n\t\t\r\n\t<div class=\"bg-banner\">\t\t\r\n\t\t<div class=\"banner-wrapper banners\">\r\n\t\t\t<div class=\"bwp-image\">\r\n\t\t\t\t\t\t\t\t<a href=\"https:\/\/likecork.com\/shop\/product-category\/sit\">\r\n\t\t\t\t\t\t<img src=\"https:\/\/likecork.com\/shop\/wp-content\/uploads\/2018\/12\/SIT_0.jpg\" alt=\"\"><\/a>\r\n\t\t\t\t\t\t\t<\/div>\r\n\t\t\t<div class=\"banner-wrapper-infor\">\r\n\t\t\t\t\t\t\t\t\t\t\t<\/div>\r\n\t\t<\/div>\r\n\t<\/div>\r\n\t<\/div>\r\n[\/vc_column][vc_column width=&#8221;1\/3&#8243;]<div class=\"bwp-widget-banner default\">\r\n\t\t\r\n\t<div class=\"bg-banner\">\t\t\r\n\t\t<div class=\"banner-wrapper banners\">\r\n\t\t\t<div class=\"bwp-image\">\r\n\t\t\t\t\t\t\t\t<a href=\"https:\/\/likecork.com\/shop\/product-category\/illuminate\">\r\n\t\t\t\t\t\t<img src=\"https:\/\/likecork.com\/shop\/wp-content\/uploads\/2018\/12\/ILLUMINATE_0.jpg\" alt=\"\"><\/a>\r\n\t\t\t\t\t\t\t<\/div>\r\n\t\t\t<div class=\"banner-wrapper-infor\">\r\n\t\t\t\t\t\t\t\t\t\t\t<\/div>\r\n\t\t<\/div>\r\n\t<\/div>\r\n\t<\/div>\r\n[\/vc_column][vc_column width=&#8221;1\/3&#8243;]<div class=\"bwp-widget-banner default\">\r\n\t\t\r\n\t<div class=\"bg-banner\">\t\t\r\n\t\t<div class=\"banner-wrapper banners\">\r\n\t\t\t<div class=\"bwp-image\">\r\n\t\t\t\t\t\t\t\t<a href=\"https:\/\/likecork.com\/shop\/product-category\/store\">\r\n\t\t\t\t\t\t<img src=\"https:\/\/likecork.com\/shop\/wp-content\/uploads\/2018\/12\/STORE_0.jpg\" alt=\"\"><\/a>\r\n\t\t\t\t\t\t\t<\/div>\r\n\t\t\t<div class=\"banner-wrapper-infor\">\r\n\t\t\t\t\t\t\t\t\t\t\t<\/div>\r\n\t\t<\/div>\r\n\t<\/div>\r\n\t<\/div>\r\n[\/vc_column][\/vc_row][vc_row full_width=&#8221;stretch_row&#8221; parallax=&#8221;content-moving&#8221; css=&#8221;.vc_custom_1539986195421{margin-bottom: 43px !important;padding-top: 160px !important;padding-bottom: 150px !important;background-image: url(https:\/\/likecork.com\/shop\/wp-content\/uploads\/2018\/10\/montado_sobreiro_02.jpg?id=5837) !important;background-position: center;background-repeat: no-repeat !important;background-size: cover !important;}&#8221; el_class=&#8221;text-block-1&#8243;][vc_column css=&#8221;.vc_custom_1532059074920{padding-top: 0px !important;}&#8221;][vc_column_text css=&#8221;.vc_custom_1541867728196{background-image: url(https:\/\/likecork.com\/shop\/wp-content\/uploads\/2018\/10\/montado_sobreiros.jpg?id=5814) !important;background-position: center !important;background-repeat: no-repeat !important;background-size: contain !important;}&#8221;]<\/p>\n<h2 id=\"u4736-2\" style=\"text-align: center;\">Uma oferta da natureza&#8230;<\/h2>\n<p>A \u00e1rvore que partilha a corti\u00e7a connosco chama-se Sobreiro (Quercus suber L . ). Esp\u00e9cie protegida em Portugal desde o s\u00e9c. XII e anfitri\u00e3o de um cen\u00e1rio \u00fanico de biodiversidade. S\u00f3 depois da \u00e1rvore alcan\u00e7ar 25 anos de vida \u00e9 retirada a primeira corti\u00e7a, que constitui o revestimento do tronco e dos ramos do sobreiro, em pe\u00e7as semitubulares com um machado, num ritual que se repete no ver\u00e3o e apenas a cada 9 anos, onde as \u00e1rvores nunca s\u00e3o cortadas ou danificadas.<\/p>\n<h2 id=\"u4736-16\" style=\"text-align: center;\">A corti\u00e7a&#8230;<\/h2>\n<p>Um material utilizado desde os tempos ancestrais pelas suas carater\u00edsticas \u00fanicas: leveza, elasticidade, impermeabilidade, isolante t\u00e9rmino, el\u00e9trico, absorvente ac\u00fastico e vibr\u00e1tico. In\u00f3cuo e que sobrevive ao longo dos tempos sem altera\u00e7\u00f5es das suas propriedades, \u00e9 constitu\u00eddos por pequenas c\u00e9lulas quase imperme\u00e1veis e que est\u00e3o cheias de um g\u00e1s semelhante ao ar, o que faz dela uma mat\u00e9ria resistente ao fogo.<\/p>\n<h2 id=\"u4736-26\" style=\"text-align: center;\">Uma oferta dos homens&#8230;<\/h2>\n<p id=\"u4736-29\">&#8230;\u201dPensar num objecto n\u00e3o estritamente de s\u00e9rie e dotado das caracter\u00edsticas de uma aut\u00eantica individualidade, esse objecto s\u00f3 poder\u00e1 ser criado artesanalmente e nele estar\u00e3o presentes&#8230;as caracter\u00edsticas que desde tempos imemoriais&#8230;a tatuagem e os rituais dos homens e que talvez tendam a permanecer e a perpetuar-se tamb\u00e9m no seio de uma sociedade homog\u00e9nea e totalmente industrializada.&#8221;<\/p>\n<p id=\"u4736-32\" style=\"text-align: right;\">In Dorfles, Gillo. \u201cO design Industrial e a sua est\u00e9tica&#8221;<\/p>\n<p>Pelo modo como conjuga o trabalho manual das mat\u00e9rias primas tradicionais com a industria a likecork produz um mobili\u00e1rio que espelha a identidade e a cultura do Sul de Portugal de uma forma moderna e sofisticada. Esta \u00e9 a oferta da Likecork&#8230;<\/p>\n<p style=\"text-align: center;\"><a href=\"https:\/\/likecork.com\/shop\/loja\/?lang=pt-pt\">ver cole\u00e7\u00e3o<\/a><\/p>\n<div class=\"grammarly-disable-indicator\"><\/div>\n<div class=\"grammarly-disable-indicator\"><\/div>\n<div class=\"grammarly-disable-indicator\"><\/div>\n<div class=\"grammarly-disable-indicator\"><\/div>\n<div class=\"grammarly-disable-indicator\"><\/div>\n<div class=\"grammarly-disable-indicator\"><\/div>\n<div class=\"grammarly-disable-indicator\"><\/div>\n<div class=\"grammarly-disable-indicator\"><\/div>\n<div class=\"grammarly-disable-indicator\"><\/div>\n<div class=\"grammarly-disable-indicator\"><\/div>\n<div class=\"grammarly-disable-indicator\"><\/div>\n<p>[\/vc_column_text][\/vc_column][\/vc_row][vc_row css=&#8221;.vc_custom_1532315028095{margin-bottom: 80px !important;}&#8221;][vc_column]<div class=\"bwp-testimonial default\">\r\n <div class=\"block\">\r\n\t<div class=\"testimonial-title\">\r\n\t\t\t<\/div>\r\n  <div class=\"block_content\">\r\n   <div id=\"testimonial_512960681777559720\" class=\"slick-carousel\" data-nav=\"false\" data-dots=\"true\" data-columns4=\"1\" data-columns3=\"1\" data-columns2=\"1\" data-columns1=\"1\" data-columns=\"1\">\r\n\t\t\t\t\t\t\t\t<!-- Wrapper for slides -->\r\n\t\t\t<div class=\"testimonial-item\">\r\n\t\t\t\t<div class=\"testimonial-image\"><img width=\"150\" height=\"150\" src=\"https:\/\/likecork.com\/shop\/wp-content\/uploads\/2017\/08\/sandra_01-150x150.jpg\" class=\"attachment-thumbnail size-thumbnail wp-post-image\" alt=\"\" loading=\"lazy\" \/><\/div>\r\n\t\t\t    <div class=\"testimonial-customer-position\"><p class=\"post-excerpt\">Sandra Louro is a Major of Equipment design, from the Lisbon Faculty of Fine Arts of Lisbon. Has experience in the field of Museography, furniture and graphic design since 1999. She has participated in several national and international exhibitions.\nShe mainly develops interior design and furniture, inspired on Portuguese culture and artisanship. Being the key signature Cork combined with other materials. Manager and chief designer of the likecork.com brand, since 2012.\n<\/p><\/div>\r\n\t\t\t\t<div class=\"testimonial-info\">\r\n\t\t\t\t\t<h5 class=\"testimonial-customer-name\">Sandra Louro<\/h5>\r\n\t\t\t\t\t\t\r\n\t\t\t\t\t<div class=\"testimonial-job\">Designer<\/div>\r\n\t\t\t\t\t\t\t\t\t<\/div>\t\t \r\n\t\t\t<\/div>\r\n\t\t   <\/div>\r\n  <\/div>\r\n <\/div>\r\n<\/div>\r\n[\/vc_column][\/vc_row][vc_row][vc_column][vc_column_text]<\/p>\n<div class=\"grammarly-disable-indicator\"><\/div>\n<div class=\"grammarly-disable-indicator\"><\/div>\n<div class=\"grammarly-disable-indicator\"><\/div>\n<div class=\"grammarly-disable-indicator\"><\/div>\n<p>[\/vc_column_text][\/vc_column][\/vc_row][vc_row][vc_column][vc_column_text]<\/p>\n<div class=\"grammarly-disable-indicator\"><\/div>\n<div class=\"grammarly-disable-indicator\"><\/div>\n<div class=\"grammarly-disable-indicator\"><\/div>\n<div class=\"grammarly-disable-indicator\"><\/div>\n<p>[\/vc_column_text][\/vc_column][\/vc_row][vc_row][vc_column][vc_column_text]<\/p>\n<div class=\"grammarly-disable-indicator\"><\/div>\n<div class=\"grammarly-disable-indicator\"><\/div>\n<div class=\"grammarly-disable-indicator\"><\/div>\n<div class=\"grammarly-disable-indicator\"><\/div>\n<p>[\/vc_column_text][\/vc_column][\/vc_row][vc_row][vc_column][vc_column_text]<\/p>\n<div class=\"grammarly-disable-indicator\"><\/div>\n<div class=\"grammarly-disable-indicator\"><\/div>\n<div class=\"grammarly-disable-indicator\"><\/div>\n<div class=\"grammarly-disable-indicator\"><\/div>\n<div class=\"grammarly-disable-indicator\"><\/div>\n<div class=\"grammarly-disable-indicator\"><\/div>\n<div class=\"grammarly-disable-indicator\"><\/div>\n<div class=\"grammarly-disable-indicator\"><\/div>\n<div class=\"grammarly-disable-indicator\"><\/div>\n<div class=\"grammarly-disable-indicator\"><\/div>\n<div class=\"grammarly-disable-indicator\"><\/div>\n<div class=\"grammarly-disable-indicator\"><\/div>\n<div class=\"grammarly-disable-indicator\"><\/div>\n<div class=\"grammarly-disable-indicator\"><\/div>\n<div class=\"grammarly-disable-indicator\"><\/div>\n<div class=\"grammarly-disable-indicator\"><\/div>\n<p>[\/vc_column_text][\/vc_column][\/vc_row][vc_row][vc_column][vc_column_text]<\/p>\n<div class=\"grammarly-disable-indicator\"><\/div>\n<div class=\"grammarly-disable-indicator\"><\/div>\n<div class=\"grammarly-disable-indicator\"><\/div>\n<div class=\"grammarly-disable-indicator\"><\/div>\n<div class=\"grammarly-disable-indicator\"><\/div>\n<p>[\/vc_column_text][\/vc_column][\/vc_row][vc_row][vc_column][vc_column_text]<\/p>\n<div class=\"grammarly-disable-indicator\"><\/div>\n<div class=\"grammarly-disable-indicator\"><\/div>\n<div class=\"grammarly-disable-indicator\"><\/div>\n<div class=\"grammarly-disable-indicator\"><\/div>\n<p>[\/vc_column_text][\/vc_column][\/vc_row]<\/p>\n","protected":false},"excerpt":{"rendered":"<p>[vc_row full_width=&#8221;stretch_row_content_no_spaces&#8221; css=&#8221;.vc_custom_1531367776466{margin-bottom: 100px !important;}&#8221;][vc_column][rev_slider_vc alias=&#8221;slider1&#8243;][\/vc_column][\/vc_row][vc_row css=&#8221;.vc_custom_1532315134336{margin-bottom: 45px !important;}&#8221; el_class=&#8221;col-special&#8221;][vc_column width=&#8221;1\/3&#8243;][\/vc_column][vc_column width=&#8221;1\/3&#8243;][\/vc_column][vc_column width=&#8221;1\/3&#8243;][\/vc_column][\/vc_row][vc_row full_width=&#8221;stretch_row&#8221; parallax=&#8221;content-moving&#8221; css=&#8221;.vc_custom_1539986195421{margin-bottom: 43px !important;padding-top: 160px !important;padding-bottom: 150px !important;background-image: url(https:\/\/likecork.com\/shop\/wp-content\/uploads\/2018\/10\/montado_sobreiro_02.jpg?id=5837) !important;background-position: center;background-repeat: no-repeat !important;background-size: cover !important;}&#8221; el_class=&#8221;text-block-1&#8243;][vc_column css=&#8221;.vc_custom_1532059074920{padding-top: 0px !important;}&#8221;][vc_column_text css=&#8221;.vc_custom_1541867728196{background-image: url(https:\/\/likecork.com\/shop\/wp-content\/uploads\/2018\/10\/montado_sobreiros.jpg?id=5814) !important;background-position: center !important;background-repeat: no-repeat !important;background-size: contain !important;}&#8221;] Uma oferta da natureza&#8230; A \u00e1rvore que partilha a corti\u00e7a connosco chama-se Sobreiro [&hellip;]<\/p>\n","protected":false},"author":1,"featured_media":0,"parent":0,"menu_order":0,"comment_status":"closed","ping_status":"closed","template":"page-templates\/homepage.php","meta":{"_mi_skip_tracking":false},"aioseo_notices":[],"_links":{"self":[{"href":"https:\/\/likecork.com\/shop\/wp-json\/wp\/v2\/pages\/6323"}],"collection":[{"href":"https:\/\/likecork.com\/shop\/wp-json\/wp\/v2\/pages"}],"about":[{"href":"https:\/\/likecork.com\/shop\/wp-json\/wp\/v2\/types\/page"}],"author":[{"embeddable":true,"href":"https:\/\/likecork.com\/shop\/wp-json\/wp\/v2\/users\/1"}],"replies":[{"embeddable":true,"href":"https:\/\/likecork.com\/shop\/wp-json\/wp\/v2\/comments?post=6323"}],"version-history":[{"count":98,"href":"https:\/\/likecork.com\/shop\/wp-json\/wp\/v2\/pages\/6323\/revisions"}],"predecessor-version":[{"id":9107,"href":"https:\/\/likecork.com\/shop\/wp-json\/wp\/v2\/pages\/6323\/revisions\/9107"}],"wp:attachment":[{"href":"https:\/\/likecork.com\/shop\/wp-json\/wp\/v2\/media?parent=6323"}],"curies":[{"name":"wp","href":"https:\/\/api.w.org\/{rel}","templated":true}]}}