{"id":321,"date":"2016-04-10T08:37:39","date_gmt":"2016-04-10T08:37:39","guid":{"rendered":"http:\/\/localhost\/wp\/simolux\/?page_id=321"},"modified":"2020-06-07T09:55:41","modified_gmt":"2020-06-07T09:55:41","slug":"contact-2","status":"publish","type":"page","link":"https:\/\/likecork.com\/shop\/contact-2\/","title":{"rendered":"Contact"},"content":{"rendered":"<p>[vc_row css=&#8221;.vc_custom_1533636393187{margin-bottom: 96px !important;}&#8221;][vc_column][vc_gmaps link=&#8221;#E-8_JTNDaWZyYW1lJTIwc3JjJTNEJTIyaHR0cHMlM0ElMkYlMkZ3d3cuZ29vZ2xlLmNvbSUyRm1hcHMlMkZlbWJlZCUzRnBiJTNEJTIxMW0xOCUyMTFtMTIlMjExbTMlMjExZDMxODAuNDcxNDI3MjMxMTk1JTIxMmQtOC4wMjUzMzExMzM3NzAwMjclMjEzZDM3LjE0MTQ4ODQ3OTg3OTYzNCUyMTJtMyUyMTFmMCUyMTJmMCUyMTNmMCUyMTNtMiUyMTFpMTAyNCUyMTJpNzY4JTIxNGYxMy4xJTIxM20zJTIxMW0yJTIxMXMweGQxYWIxMTY0MDVlOGJjNyUyNTNBMHg1N2FiYmRiMDIwNTA1NmFjJTIxMnNMb3VsJTI1QzMlMjVBOSUyNTIwRGVzaWduJTI1MjBMYWIlMjE1ZTAlMjEzbTIlMjExc3B0LVBUJTIxMnNwdCUyMTR2MTU5MTUyMzcwOTk2MSUyMTVtMiUyMTFzcHQtUFQlMjEyc3B0JTIyJTIwd2lkdGglM0QlMjI2MDAlMjIlMjBoZWlnaHQlM0QlMjI0NTAlMjIlMjBmcmFtZWJvcmRlciUzRCUyMjAlMjIlMjBzdHlsZSUzRCUyMmJvcmRlciUzQTAlM0IlMjIlMjBhbGxvd2Z1bGxzY3JlZW4lM0QlMjIlMjIlMjBhcmlhLWhpZGRlbiUzRCUyMmZhbHNlJTIyJTIwdGFiaW5kZXglM0QlMjIwJTIyJTNFJTNDJTJGaWZyYW1lJTNF&#8221;][\/vc_column][\/vc_row][vc_row el_class=&#8221;contact-info&#8221;][vc_column offset=&#8221;vc_col-lg-2\/5 vc_col-md-2\/5&#8243;][vc_custom_heading text=&#8221;Contact Us&#8221; font_container=&#8221;tag:h2|text_align:justify&#8221; use_theme_fonts=&#8221;yes&#8221;][vc_column_text]<\/p>\n<ul>\n<li><strong>Address:<\/strong> Likecork<br \/>\nLoul\u00e9 Design Lab<br \/>\nPal\u00e1cio Gama Lobo<br \/>\nRua N. Sra. de F\u00e1tima<br \/>\n8100-259 Loul\u00e9 | Portugal<\/li>\n<li><strong>Phone Number:<\/strong> (+351) 919 086 852<\/li>\n<li><strong>Email:\u00a0<\/strong>likecork@likecork.com<\/li>\n<\/ul>\n<div class=\"grammarly-disable-indicator\"><\/div>\n<p>[\/vc_column_text][\/vc_column][\/vc_row][vc_row][vc_column][vc_column_text]<\/p>\n<div class=\"grammarly-disable-indicator\"><\/div>\n<p>[\/vc_column_text][\/vc_column][\/vc_row]<\/p>\n","protected":false},"excerpt":{"rendered":"<p>[vc_row css=&#8221;.vc_custom_1533636393187{margin-bottom: 96px !important;}&#8221;][vc_column][vc_gmaps link=&#8221;#E-8_JTNDaWZyYW1lJTIwc3JjJTNEJTIyaHR0cHMlM0ElMkYlMkZ3d3cuZ29vZ2xlLmNvbSUyRm1hcHMlMkZlbWJlZCUzRnBiJTNEJTIxMW0xOCUyMTFtMTIlMjExbTMlMjExZDMxODAuNDcxNDI3MjMxMTk1JTIxMmQtOC4wMjUzMzExMzM3NzAwMjclMjEzZDM3LjE0MTQ4ODQ3OTg3OTYzNCUyMTJtMyUyMTFmMCUyMTJmMCUyMTNmMCUyMTNtMiUyMTFpMTAyNCUyMTJpNzY4JTIxNGYxMy4xJTIxM20zJTIxMW0yJTIxMXMweGQxYWIxMTY0MDVlOGJjNyUyNTNBMHg1N2FiYmRiMDIwNTA1NmFjJTIxMnNMb3VsJTI1QzMlMjVBOSUyNTIwRGVzaWduJTI1MjBMYWIlMjE1ZTAlMjEzbTIlMjExc3B0LVBUJTIxMnNwdCUyMTR2MTU5MTUyMzcwOTk2MSUyMTVtMiUyMTFzcHQtUFQlMjEyc3B0JTIyJTIwd2lkdGglM0QlMjI2MDAlMjIlMjBoZWlnaHQlM0QlMjI0NTAlMjIlMjBmcmFtZWJvcmRlciUzRCUyMjAlMjIlMjBzdHlsZSUzRCUyMmJvcmRlciUzQTAlM0IlMjIlMjBhbGxvd2Z1bGxzY3JlZW4lM0QlMjIlMjIlMjBhcmlhLWhpZGRlbiUzRCUyMmZhbHNlJTIyJTIwdGFiaW5kZXglM0QlMjIwJTIyJTNFJTNDJTJGaWZyYW1lJTNF&#8221;][\/vc_column][\/vc_row][vc_row el_class=&#8221;contact-info&#8221;][vc_column offset=&#8221;vc_col-lg-2\/5 vc_col-md-2\/5&#8243;][vc_custom_heading text=&#8221;Contact Us&#8221; font_container=&#8221;tag:h2|text_align:justify&#8221; use_theme_fonts=&#8221;yes&#8221;][vc_column_text] Address: Likecork Loul\u00e9 Design Lab Pal\u00e1cio Gama Lobo Rua N. Sra. de F\u00e1tima 8100-259 Loul\u00e9 | Portugal Phone Number: (+351) 919 086 852 Email:\u00a0likecork@likecork.com [\/vc_column_text][\/vc_column][\/vc_row][vc_row][vc_column][vc_column_text] [\/vc_column_text][\/vc_column][\/vc_row]<\/p>\n","protected":false},"author":1,"featured_media":0,"parent":0,"menu_order":0,"comment_status":"closed","ping_status":"closed","template":"","meta":{"_mi_skip_tracking":false},"aioseo_notices":[],"_links":{"self":[{"href":"https:\/\/likecork.com\/shop\/wp-json\/wp\/v2\/pages\/321"}],"collection":[{"href":"https:\/\/likecork.com\/shop\/wp-json\/wp\/v2\/pages"}],"about":[{"href":"https:\/\/likecork.com\/shop\/wp-json\/wp\/v2\/types\/page"}],"author":[{"embeddable":true,"href":"https:\/\/likecork.com\/shop\/wp-json\/wp\/v2\/users\/1"}],"replies":[{"embeddable":true,"href":"https:\/\/likecork.com\/shop\/wp-json\/wp\/v2\/comments?post=321"}],"version-history":[{"count":21,"href":"https:\/\/likecork.com\/shop\/wp-json\/wp\/v2\/pages\/321\/revisions"}],"predecessor-version":[{"id":9509,"href":"https:\/\/likecork.com\/shop\/wp-json\/wp\/v2\/pages\/321\/revisions\/9509"}],"wp:attachment":[{"href":"https:\/\/likecork.com\/shop\/wp-json\/wp\/v2\/media?parent=321"}],"curies":[{"name":"wp","href":"https:\/\/api.w.org\/{rel}","templated":true}]}}